{"id":126,"date":"2025-02-16T20:38:43","date_gmt":"2025-02-16T19:38:43","guid":{"rendered":"http:\/\/svtasset.fr\/?page_id=126"},"modified":"2025-07-02T16:30:02","modified_gmt":"2025-07-02T14:30:02","slug":"partie-v-comportement-et-stress-vers-une-vision-integre-de-lorganisme","status":"publish","type":"page","link":"https:\/\/svtasset.fr\/index.php\/partie-v-comportement-et-stress-vers-une-vision-integre-de-lorganisme\/","title":{"rendered":"PARTIE V : COMPORTEMENT ET STRESS : VERS UNE VISION INTEGREE DE L&rsquo;ORGANISME"},"content":{"rendered":"\n<div class=\"wp-block-cover is-light\"><span aria-hidden=\"true\" class=\"wp-block-cover__background has-background-dim\" style=\"background-color:#FFF\"><\/span><div class=\"wp-block-cover__inner-container has-global-padding is-layout-constrained wp-block-cover-is-layout-constrained\">\n<p class=\"has-text-align-center has-large-font-size\"><mark style=\"background-color:rgba(0, 0, 0, 0);color:#c90808\" class=\"has-inline-color\">Chapitre : L&rsquo;adaptabilit\u00e9 de l&rsquo;organisme face au stress aigu<\/mark><\/p>\n\n\n\n<p><a href=\"https:\/\/learningapps.org\/view13625411\">1a &#8211; Rappels sur le contr\u00f4le hormonal<\/a><\/p>\n\n\n\n<p><a href=\"https:\/\/drive.google.com\/file\/d\/1YoOJSB6jR9HTqV9DkZnEB-sX1rE7492v\/view?usp=sharing\">2 &#8211; Les r\u00e9ponses au stress aigu<\/a><\/p>\n\n\n\n<p><a href=\"https:\/\/drive.google.com\/file\/d\/1OtDkb5Y3LMegSd49HvVpgMxCkYX2WPN9\/view?usp=drive_link\">3 &#8211; R\u00e9ponse imm\u00e9diate au stress aigu<\/a><\/p>\n\n\n\n<p><a href=\"https:\/\/drive.google.com\/file\/d\/1b3cNkA7RH6gP0t2kcgbsaOEjaOWrJBU_\/view?usp=sharing\">4 &#8211; R\u00e9ponse tardive au stress<\/a><\/p>\n\n\n\n<p><a href=\"https:\/\/drive.google.com\/file\/d\/1dhjfNr6VwlhxvFqh9Z4afZbGIrDCX1Jg\/view?usp=drive_link\">5 &#8211; Retour \u00e0 l&rsquo;\u00e9quilibre, la r\u00e9silience<\/a><\/p>\n\n\n\n<p><a href=\"https:\/\/drive.google.com\/file\/d\/1hEIQ7Edyy7lM1ypU3MBD443Szw1YMBCT\/view?usp=drive_link\">6 &#8211; Effets physiologiques des hormones<\/a><\/p>\n\n\n\n<p><a href=\"https:\/\/drive.google.com\/file\/d\/1HrEpB0xihb29UbtXYFe6W6ur-V06PEK8\/view?usp=sharing\">Sch\u00e9ma de la r\u00e9ponse imm\u00e9diate \u00e0 compl\u00e9ter<\/a><\/p>\n\n\n\n<p><a href=\"https:\/\/learningapps.org\/watch?v=pebj5y18a20\">Learning Apps du sch\u00e9ma de la r\u00e9ponse imm\u00e9diate<\/a><\/p>\n\n\n\n<p><a href=\"https:\/\/drive.google.com\/file\/d\/1uXL-rzGrVtcRymiDHmlC25twcWyMmwgo\/view?usp=drive_link\">Sch\u00e9ma de la r\u00e9ponse tardive et de la r\u00e9silience<\/a><\/p>\n\n\n\n<p><a href=\"https:\/\/learningapps.org\/watch?v=pe3owbn8a20\">Learning Apps du sch\u00e9ma de la r\u00e9ponse tardive et de la r\u00e9silience<\/a><\/p>\n\n\n\n<p><a href=\"https:\/\/drive.google.com\/file\/d\/1fGvtNbM-ifRg8YfPk1iGXco1dY16KreH\/view?usp=drive_link\">Tableau r\u00e9capitulatif du cours \u00e0 compl\u00e9ter<\/a><\/p>\n\n\n\n<p><\/p>\n\n\n\n<p><strong><em><mark style=\"background-color:rgba(0, 0, 0, 0);color:#4e1275\" class=\"has-inline-color\">CORRECTION DES TP<\/mark><\/em><\/strong><\/p>\n\n\n\n<p><strong><em><a href=\"https:\/\/drive.google.com\/drive\/folders\/1FJTom1PrtSn1-TgPEeAxeXZrdmapPM1W?usp=sharing\"><mark style=\"background-color:rgba(0, 0, 0, 0);color:#100cdd\" class=\"has-inline-color\">ACCES AUX COURS<\/mark><\/a><\/em><\/strong><\/p>\n<\/div><\/div>\n\n\n\n<div class=\"wp-block-cover is-light\" style=\"min-height:281px;aspect-ratio:unset;\"><span aria-hidden=\"true\" class=\"wp-block-cover__background has-background-dim\" style=\"background-color:#FFF\"><\/span><div class=\"wp-block-cover__inner-container has-global-padding is-layout-constrained wp-block-cover-is-layout-constrained\">\n<p class=\"has-text-align-center has-large-font-size\"><mark style=\"background-color:rgba(0, 0, 0, 0);color:#c90808\" class=\"has-inline-color\">Chapitre : L&rsquo;organisme d\u00e9bord\u00e9 dans ses capacit\u00e9s d&rsquo;adaptation : le stress chronique<\/mark><\/p>\n\n\n\n<p><a href=\"https:\/\/drive.google.com\/file\/d\/1tWvP1h8fh5oOSDgqLwYgGDA3y_Z0DWUY\/view?usp=drive_link\">1a &#8211; TP dosage du cortisol Etape A<\/a><\/p>\n\n\n\n<p><a href=\"https:\/\/drive.google.com\/file\/d\/1A_x01uLtWbQzqlgplRNyHQwFcsVz2E8B\/view?usp=drive_link\">1b &#8211; Poursuite de la strat\u00e9gie du TP et de sa conclusion<\/a><\/p>\n\n\n\n<p><a href=\"https:\/\/drive.google.com\/drive\/folders\/1qi6O_aVKpRw9JJyxJIHA1sPfRjo4b1Q1?usp=sharing\">1c &#8211; Fichiers Eduanat2 \u00e0 t\u00e9l\u00e9charger<\/a><\/p>\n\n\n\n<p><a href=\"https:\/\/drive.google.com\/file\/d\/13SaAGhYr6rmT90Ok59TBft4xi_TNiRZn\/view?usp=sharing\">2a &#8211; Vid\u00e9o sur le stress chronique<\/a><\/p>\n\n\n\n<p><a href=\"https:\/\/drive.google.com\/file\/d\/1YuCMhA81kumPtVvsM4dlaMo9pwBoXnTH\/view?usp=drive_link\">2b &#8211; Documents sur le stress chronique<\/a><\/p>\n\n\n\n<p><a href=\"https:\/\/drive.google.com\/file\/d\/1wlgP7ki1p55iPYuxiP8rD_0eyVwoVbeJ\/view?usp=drive_link\">3 &#8211; TP test de Mancini sur le cortisol<\/a><\/p>\n\n\n\n<p><\/p>\n\n\n\n<p><em><strong><a href=\"https:\/\/drive.google.com\/drive\/folders\/1JJlYIxhJgd20SJ7Z0Sw4_4flNI-j4IIA?usp=sharing\"><mark style=\"background-color:rgba(0, 0, 0, 0);color:#4e1275\" class=\"has-inline-color\">CORRECTION DES TP<\/mark><\/a><\/strong><\/em><\/p>\n\n\n\n<p><strong><em><a href=\"https:\/\/drive.google.com\/drive\/folders\/1rMY0tQiPNdiq21TKHYnPjCbb1kPqYP4d?usp=drive_link\"><mark style=\"background-color:rgba(0, 0, 0, 0);color:#100cdd\" class=\"has-inline-color\">ACCES AU COURS<\/mark><\/a><\/em><\/strong><\/p>\n\n\n\n<p><\/p>\n<\/div><\/div>\n","protected":false},"excerpt":{"rendered":"","protected":false},"author":1,"featured_media":0,"parent":0,"menu_order":0,"comment_status":"closed","ping_status":"closed","template":"","meta":{"footnotes":""},"class_list":["post-126","page","type-page","status-publish","hentry"],"_links":{"self":[{"href":"https:\/\/svtasset.fr\/index.php\/wp-json\/wp\/v2\/pages\/126","targetHints":{"allow":["GET"]}}],"collection":[{"href":"https:\/\/svtasset.fr\/index.php\/wp-json\/wp\/v2\/pages"}],"about":[{"href":"https:\/\/svtasset.fr\/index.php\/wp-json\/wp\/v2\/types\/page"}],"author":[{"embeddable":true,"href":"https:\/\/svtasset.fr\/index.php\/wp-json\/wp\/v2\/users\/1"}],"replies":[{"embeddable":true,"href":"https:\/\/svtasset.fr\/index.php\/wp-json\/wp\/v2\/comments?post=126"}],"version-history":[{"count":15,"href":"https:\/\/svtasset.fr\/index.php\/wp-json\/wp\/v2\/pages\/126\/revisions"}],"predecessor-version":[{"id":324,"href":"https:\/\/svtasset.fr\/index.php\/wp-json\/wp\/v2\/pages\/126\/revisions\/324"}],"wp:attachment":[{"href":"https:\/\/svtasset.fr\/index.php\/wp-json\/wp\/v2\/media?parent=126"}],"curies":[{"name":"wp","href":"https:\/\/api.w.org\/{rel}","templated":true}]}}