{"id":152,"date":"2025-06-16T08:48:30","date_gmt":"2025-06-16T06:48:30","guid":{"rendered":"https:\/\/svtasset.fr\/?page_id=152"},"modified":"2025-07-12T14:24:37","modified_gmt":"2025-07-12T12:24:37","slug":"lorganisation-fonctionnelle-du-vivant","status":"publish","type":"page","link":"https:\/\/svtasset.fr\/index.php\/lorganisation-fonctionnelle-du-vivant\/","title":{"rendered":"L&rsquo;ORGANISATION FONCTIONNELLE DU VIVANT"},"content":{"rendered":"\n<div class=\"wp-block-cover is-light\"><span aria-hidden=\"true\" class=\"wp-block-cover__background has-background-dim\" style=\"background-color:#FFF\"><\/span><div class=\"wp-block-cover__inner-container has-global-padding is-layout-constrained wp-block-cover-is-layout-constrained\">\n<p class=\"has-text-align-center has-large-font-size\"><mark style=\"background-color:rgba(0, 0, 0, 0);color:#c90808\" class=\"has-inline-color\">Chapitre : L&rsquo;organisation fonctionnelle du vivant<\/mark><\/p>\n\n\n\n<p><a href=\"https:\/\/drive.google.com\/file\/d\/10ZOmIPKkZOjQpVSjrEdMQvRoXnsrasUK\/view?usp=drive_link\">1a &#8211; Exercice sur les niveaux d&rsquo;organisation du monde vivant<\/a><\/p>\n\n\n\n<p><a href=\"https:\/\/drive.google.com\/file\/d\/1aKr2pFSnkx9N67imj5GhBr3Ml06WNsR_\/view?usp=drive_link\">1b &#8211; Exercice 2 sur les niveaux d&rsquo;organisation du monde vivant<\/a><\/p>\n\n\n\n<p>2 &#8211; TP Observation microscopique de diff\u00e9rentes cellules :<\/p>\n\n\n\n<figure class=\"wp-block-table\"><table class=\"has-fixed-layout\"><tbody><tr><td class=\"has-text-align-center\" data-align=\"center\"><mark style=\"background-color:rgba(0, 0, 0, 0);color:#6e0312\" class=\"has-inline-color\"><strong>Documents du TP <\/strong><\/mark><\/td><td class=\"has-text-align-center\" data-align=\"center\"><mark style=\"background-color:rgba(0, 0, 0, 0);color:#710404\" class=\"has-inline-color\"><strong>Tableau de r\u00e9ponse \u00e0 compl\u00e9ter<\/strong><\/mark><\/td><\/tr><tr><td class=\"has-text-align-center\" data-align=\"center\">&nbsp;<a href=\"https:\/\/drive.google.com\/file\/d\/1NAGON1HQ9IWiP29I37YTt9q28mvaDPr3\/view?usp=drive_link\"><strong>2a &#8211; Do<\/strong><\/a><strong><a href=\"https:\/\/drive.google.com\/file\/d\/1NAGON1HQ9IWiP29I37YTt9q28mvaDPr3\/view?usp=drive_link\">cuments de l&rsquo;\u00e9quipe A<\/a>  <\/strong><\/td><td class=\"has-text-align-center\" data-align=\"center\">&nbsp;<a href=\"https:\/\/drive.google.com\/file\/d\/1_yTrtbLp8LJwf3NoK3I-Jtq5g5znecHW\/view?usp=drive_link\"><strong>Tableau de r\u00e9ponse Equipe A<\/strong><\/a><\/td><\/tr><tr><td class=\"has-text-align-center\" data-align=\"center\">&nbsp;<strong><a href=\"https:\/\/drive.google.com\/file\/d\/15PnSOsOlKvlkXKzpC8-5N7uedA20_bo_\/view?usp=drive_link\">2b &#8211; Documents de l&rsquo;\u00e9quipe B<\/a>  <\/strong><\/td><td class=\"has-text-align-center\" data-align=\"center\"><strong><a href=\"https:\/\/drive.google.com\/file\/d\/1bLQ5F4nqlC3H0W6Glzzcn0bru-R7JcP-\/view?usp=drive_link\">Tableau de r\u00e9ponse Equipe B<\/a><\/strong><\/td><\/tr><tr><td class=\"has-text-align-center\" data-align=\"center\"><strong><a href=\"https:\/\/drive.google.com\/file\/d\/1Jhtj3mQrShrd3eMMm1q3YVr-_nyJOOaD\/view?usp=drive_link\">2c &#8211; Documents de l&rsquo;\u00e9quipe C<\/a>   &nbsp;<\/strong><\/td><td class=\"has-text-align-center\" data-align=\"center\"><a href=\"https:\/\/drive.google.com\/file\/d\/1TlNw4ktINf_F1P_U4NhJUf3eeCRaxAGX\/view?usp=drive_link\">&nbsp;<strong>Tableau de r\u00e9ponse Equipe C<\/strong><\/a><\/td><\/tr><tr><td class=\"has-text-align-center\" data-align=\"center\"><strong><a href=\"https:\/\/drive.google.com\/file\/d\/116H1ijrL3955jBTzqOst1kxSJ_mSGxjd\/view?usp=drive_link\">2d &#8211; Documents de l&rsquo;\u00e9quipe D<\/a>&nbsp;<\/strong><\/td><td class=\"has-text-align-center\" data-align=\"center\"><a href=\"https:\/\/drive.google.com\/file\/d\/1SYsp31FufZKepDBfANTwUwNpozGWXVXv\/view?usp=drive_link\">&nbsp;<strong>Tableau de r\u00e9ponse Equipe D<\/strong><\/a><\/td><\/tr><tr><td class=\"has-text-align-center\" data-align=\"center\"><strong>&nbsp;<a href=\"https:\/\/drive.google.com\/file\/d\/19vuUBnBbVxvZaewT_244UmrWVszS_yUj\/view?usp=drive_link\">2e &#8211; Documents de l&rsquo;\u00e9quipe E<\/a><\/strong><\/td><td class=\"has-text-align-center\" data-align=\"center\"><a href=\"https:\/\/drive.google.com\/file\/d\/1pAgGurSIR_tpoP2DlPzS8Dc1xrrp6aNy\/view?usp=drive_link\">&nbsp;<strong>Tableau de r\u00e9ponse Equipe E<\/strong><\/a><\/td><\/tr><tr><td class=\"has-text-align-center\" data-align=\"center\"><strong><a href=\"https:\/\/drive.google.com\/file\/d\/1hba3Jzzzsd-uvOBP6oDWVJwuA7VO5aPH\/view?usp=drive_link\">2f &#8211; Documents de l&rsquo;\u00e9quipe F<\/a>&nbsp;<\/strong><\/td><td class=\"has-text-align-center\" data-align=\"center\"><a href=\"https:\/\/drive.google.com\/file\/d\/1mJUlRR1PlPuaqiLhAXPI2MCI7Rx4uZfv\/view?usp=drive_link\">&nbsp;<strong>Tableau de r\u00e9ponse Equipe F&nbsp;<\/strong><\/a><\/td><\/tr><tr><td class=\"has-text-align-center\" data-align=\"center\"><strong>&nbsp;<a href=\"https:\/\/drive.google.com\/file\/d\/1E-SoOFScXNDt64PTVobpz3PFCOKbomVD\/view?usp=drive_link\">2g &#8211; Documents de l&rsquo;\u00e9quipe G<\/a><\/strong><\/td><td class=\"has-text-align-center\" data-align=\"center\"><a href=\"https:\/\/drive.google.com\/file\/d\/1Z_deCpecH8O_8c03Nwx86IrcMaDPRR2B\/view?usp=drive_link\">&nbsp;<strong>Tableau de r\u00e9ponse Equipe G&nbsp;<\/strong><\/a><\/td><\/tr><tr><td class=\"has-text-align-center\" data-align=\"center\"><strong>&nbsp;<a href=\"https:\/\/drive.google.com\/file\/d\/1MG3AmlvfhMJXoyf2PgotdfPVqY4GKRqR\/view?usp=drive_link\">2h &#8211; Documents de l&rsquo;\u00e9quipe H<\/a><\/strong><\/td><td class=\"has-text-align-center\" data-align=\"center\"><a href=\"https:\/\/drive.google.com\/file\/d\/12NG-nSnEM8UdcCQDwzF0TFAnW2R2eMUe\/view?usp=drive_link\">&nbsp;<strong>Tableau de r\u00e9ponse Equipe H<\/strong><\/a><\/td><\/tr><\/tbody><\/table><\/figure>\n\n\n\n<p><\/p>\n\n\n\n<p><a href=\"https:\/\/drive.google.com\/file\/d\/1wJmTrJ3PfFaZuhtdYsJ2eEbSjZl7EFdg\/view?usp=drive_link\">3 &#8211; Tableau de comparaison des diff\u00e9rents types cellulaires<\/a><\/p>\n\n\n\n<p><a href=\"https:\/\/drive.google.com\/file\/d\/1hIyDBVmaY4Ijg3jCm8ecvItf_aTu90Ub\/view?usp=drive_link\">4 &#8211; Le r\u00f4le de l&rsquo;ADN dans la sp\u00e9cialisation cellulaire<\/a><\/p>\n\n\n\n<p><a href=\"https:\/\/drive.google.com\/file\/d\/1OdUfE9f8U20K1oA0J6UwGVyKvlzrWM_T\/view?usp=drive_link\">5 &#8211; Consignes et marche \u00e0 suivre pour les TP n\u00b0 6 et 7<\/a><\/p>\n\n\n\n<p><a href=\"https:\/\/view.genially.com\/61e6898054e0e60de905a0fc\/\">6 &#8211; TP m\u00e9tabolisme et production d&rsquo;\u00e9nergie (la mitochondrie)<\/a><\/p>\n\n\n\n<p><a href=\"https:\/\/view.genially.com\/61dee3d7a16f1f0d77e69faf\/\">7 &#8211; TP m\u00e9tabolisme et production de mati\u00e8re organique (le chloroplaste)<\/a><\/p>\n\n\n\n<p><a href=\"https:\/\/view.genial.ly\/63248210b1ca2700117726ed\">8 &#8211; Activit\u00e9 sur les matrices extracellulaires<\/a><\/p>\n\n\n\n<p><a href=\"https:\/\/drive.google.com\/file\/d\/1bY4khQ-tSsFC8lnRmEWLIFboCX3es-3X\/view?usp=drive_link\">Exercice sur les matrices extracellulaires<\/a><\/p>\n<\/div><\/div>\n\n\n\n<p><\/p>\n","protected":false},"excerpt":{"rendered":"","protected":false},"author":1,"featured_media":0,"parent":0,"menu_order":0,"comment_status":"closed","ping_status":"closed","template":"","meta":{"footnotes":""},"class_list":["post-152","page","type-page","status-publish","hentry"],"_links":{"self":[{"href":"https:\/\/svtasset.fr\/index.php\/wp-json\/wp\/v2\/pages\/152","targetHints":{"allow":["GET"]}}],"collection":[{"href":"https:\/\/svtasset.fr\/index.php\/wp-json\/wp\/v2\/pages"}],"about":[{"href":"https:\/\/svtasset.fr\/index.php\/wp-json\/wp\/v2\/types\/page"}],"author":[{"embeddable":true,"href":"https:\/\/svtasset.fr\/index.php\/wp-json\/wp\/v2\/users\/1"}],"replies":[{"embeddable":true,"href":"https:\/\/svtasset.fr\/index.php\/wp-json\/wp\/v2\/comments?post=152"}],"version-history":[{"count":9,"href":"https:\/\/svtasset.fr\/index.php\/wp-json\/wp\/v2\/pages\/152\/revisions"}],"predecessor-version":[{"id":340,"href":"https:\/\/svtasset.fr\/index.php\/wp-json\/wp\/v2\/pages\/152\/revisions\/340"}],"wp:attachment":[{"href":"https:\/\/svtasset.fr\/index.php\/wp-json\/wp\/v2\/media?parent=152"}],"curies":[{"name":"wp","href":"https:\/\/api.w.org\/{rel}","templated":true}]}}