{"id":154,"date":"2025-02-17T10:20:55","date_gmt":"2025-02-17T09:20:55","guid":{"rendered":"https:\/\/svtasset.fr\/?page_id=154"},"modified":"2025-07-12T14:34:55","modified_gmt":"2025-07-12T12:34:55","slug":"procreation-humaine-et-sexualite","status":"publish","type":"page","link":"https:\/\/svtasset.fr\/index.php\/procreation-humaine-et-sexualite\/","title":{"rendered":"PROCREATION HUMAINE ET SEXUALITE"},"content":{"rendered":"\n<div class=\"wp-block-cover is-light\"><span aria-hidden=\"true\" class=\"wp-block-cover__background has-background-dim\" style=\"background-color:#FFF\"><\/span><div class=\"wp-block-cover__inner-container has-global-padding is-layout-constrained wp-block-cover-is-layout-constrained\">\n<p class=\"has-text-align-center has-large-font-size\"><mark style=\"background-color:rgba(0, 0, 0, 0);color:#c90808\" class=\"has-inline-color\">Chapitre : Procr\u00e9ation humaine et sexualit\u00e9<\/mark><\/p>\n\n\n\n<p><a href=\"https:\/\/drive.google.com\/file\/d\/1dll982CYWDuXy37wA7TBsv71oMPfw2GH\/view?usp=drive_link\">1 &#8211; Dossier de Mr Apabien <\/a><\/p>\n\n\n\n<p><a href=\"https:\/\/drive.google.com\/file\/d\/1gadwnqLF8UB3rjP5H6XX3EK_45PUvYep\/view?usp=drive_link\">2a &#8211; TP observation microscopique de lames de testicules et d&rsquo;ovaires<\/a><\/p>\n\n\n\n<p><a href=\"https:\/\/drive.google.com\/file\/d\/16cDUCdc28SC7gEOVzz6e1WgS4ZppH3Sm\/view?usp=drive_link\">2b &#8211; TP Etude de la cause de l&rsquo;infertilit\u00e9 de Monsieur Gosse<\/a><\/p>\n\n\n\n<p><a href=\"https:\/\/view.genially.com\/5f4639d891252c0d5246bb6e\">3 &#8211; Escape Game C\u00e9sar Hienne<\/a><\/p>\n\n\n\n<p><a href=\"https:\/\/view.genially.com\/67b3032f4ec742f4f43610c9\/\">4 &#8211; Escape Game Pr\u00e9nom du b\u00e9b\u00e9<\/a><\/p>\n\n\n\n<p><a href=\"https:\/\/drive.google.com\/file\/d\/1PojSEpvp_xq0zy1asF9jHlDrK8qFUMPu\/view?usp=drive_link\">5 &#8211; TP Libmol Mode d&rsquo;action de la pilule<\/a><\/p>\n\n\n\n<p><a href=\"https:\/\/drive.google.com\/file\/d\/1py9L1s1yyFf1DctFduT0GL5C7C4qoTmn\/view?usp=drive_link\">6 &#8211; Explication du circuit de r\u00e9compense<\/a><\/p>\n\n\n\n<p><a href=\"https:\/\/drive.google.com\/file\/d\/1VcjFuAd8z3dXcjQTtFUut1TUWv2FYGGH\/view?usp=drive_link\">Exercice sur la cryptorchidie<\/a><\/p>\n\n\n\n<p><a href=\"https:\/\/drive.google.com\/file\/d\/1qU6sERM9Sx4DWgWliTRCMeFAtfWSIvxg\/view?usp=drive_link\">Exercice sur l&rsquo;absence d&rsquo;ovulation<\/a><\/p>\n\n\n\n<p><a href=\"https:\/\/drive.google.com\/file\/d\/1Xnjh9UfaeFQ3IgLUxen0bKwyRl4Qp4q7\/view?usp=drive_link\">Exercice sur l&rsquo;infertilit\u00e9 et la PMA<\/a><\/p>\n\n\n\n<p><\/p>\n<\/div><\/div>\n","protected":false},"excerpt":{"rendered":"","protected":false},"author":1,"featured_media":0,"parent":0,"menu_order":0,"comment_status":"closed","ping_status":"closed","template":"","meta":{"footnotes":""},"class_list":["post-154","page","type-page","status-publish","hentry"],"_links":{"self":[{"href":"https:\/\/svtasset.fr\/index.php\/wp-json\/wp\/v2\/pages\/154","targetHints":{"allow":["GET"]}}],"collection":[{"href":"https:\/\/svtasset.fr\/index.php\/wp-json\/wp\/v2\/pages"}],"about":[{"href":"https:\/\/svtasset.fr\/index.php\/wp-json\/wp\/v2\/types\/page"}],"author":[{"embeddable":true,"href":"https:\/\/svtasset.fr\/index.php\/wp-json\/wp\/v2\/users\/1"}],"replies":[{"embeddable":true,"href":"https:\/\/svtasset.fr\/index.php\/wp-json\/wp\/v2\/comments?post=154"}],"version-history":[{"count":7,"href":"https:\/\/svtasset.fr\/index.php\/wp-json\/wp\/v2\/pages\/154\/revisions"}],"predecessor-version":[{"id":341,"href":"https:\/\/svtasset.fr\/index.php\/wp-json\/wp\/v2\/pages\/154\/revisions\/341"}],"wp:attachment":[{"href":"https:\/\/svtasset.fr\/index.php\/wp-json\/wp\/v2\/media?parent=154"}],"curies":[{"name":"wp","href":"https:\/\/api.w.org\/{rel}","templated":true}]}}