{"id":160,"date":"2025-02-17T09:14:57","date_gmt":"2025-02-17T08:14:57","guid":{"rendered":"https:\/\/svtasset.fr\/?page_id=160"},"modified":"2025-07-01T17:24:22","modified_gmt":"2025-07-01T15:24:22","slug":"expression-du-patrimoine-genetique-partie-2","status":"publish","type":"page","link":"https:\/\/svtasset.fr\/index.php\/expression-du-patrimoine-genetique-partie-2\/","title":{"rendered":"EXPRESSION DU PATRIMOINE GENETIQUE (Partie 2)"},"content":{"rendered":"\n<div class=\"wp-block-cover is-light\"><span aria-hidden=\"true\" class=\"wp-block-cover__background has-background-dim\" style=\"background-color:#FFF\"><\/span><div class=\"wp-block-cover__inner-container has-global-padding is-layout-constrained wp-block-cover-is-layout-constrained\">\n<p class=\"has-text-align-center has-large-font-size\"><mark style=\"background-color:rgba(0, 0, 0, 0);color:#c90808\" class=\"has-inline-color\">Chapitre : Les enzymes, des prot\u00e9ines fondamentales<\/mark><\/p>\n\n\n\n<p><a href=\"https:\/\/drive.google.com\/file\/d\/1-wQ_cstpBPGsdcj4IY4DcAOlzp4QAw6M\/view?usp=drive_link\">1 &#8211; Le m\u00e9tabolisme du glucose<\/a><\/p>\n\n\n\n<p><a href=\"https:\/\/drive.google.com\/file\/d\/1tVhTvRoImabUxBYWDe5_HNgL91ZAiLlT\/view?usp=drive_link\">2 &#8211; Vid\u00e9o sur l&rsquo;intol\u00e9rance au lactose<\/a><\/p>\n\n\n\n<p><a href=\"https:\/\/drive.google.com\/file\/d\/1VS5qHwO3sOFnvjPvn8_Q_zQy9Q9G6rLJ\/view?usp=drive_link\">3a &#8211; TP diastase : la digestion du lait<\/a><\/p>\n\n\n\n<p><a href=\"https:\/\/drive.google.com\/file\/d\/1gIgXDacmg13M9wRd_btETiEv43q1Gub-\/view?usp=drive_link\">3b &#8211; Exercice sur l&rsquo;effet catalytique des enzymes<\/a><\/p>\n\n\n\n<p><a href=\"https:\/\/drive.google.com\/file\/d\/1wwBwrWyYBiBkpkO2cbynxr1UqP5kvGtL\/view?usp=drive_link\">4a &#8211; Enzymes et environnement<\/a><\/p>\n\n\n\n<p><a href=\"https:\/\/drive.google.com\/file\/d\/1MnAlkNgIXPltdZqYPiQSeZaJqYOPd8qW\/view?usp=drive_link\">4b &#8211; Exercice sur l&rsquo;influence du pH et de la temp\u00e9rature<\/a><\/p>\n\n\n\n<p><a href=\"https:\/\/drive.google.com\/file\/d\/1E-8OuJcX8MvaauG41wryiXh1XVTEcp7A\/view?usp=drive_link\">5 &#8211; TP sur la sp\u00e9cificit\u00e9 des enzymes<\/a><\/p>\n\n\n\n<p><a href=\"https:\/\/drive.google.com\/file\/d\/1Wd28pZEhZ78pc6E9n7OPQxfPblwTLIIw\/view?usp=drive_link\">6 &#8211; Les devenirs du glucose selon les enzymes<\/a><\/p>\n\n\n\n<p><a href=\"https:\/\/drive.google.com\/file\/d\/1VCOH-dTpyiY3kTXMdmJC5_VtXsWyZUT6\/view?usp=drive_link\">7 &#8211; TP Libmol : mise en \u00e9vidence des sites actifs<\/a><\/p>\n\n\n\n<p><a href=\"https:\/\/drive.google.com\/file\/d\/1_aahKV2G6xt_wq4WVJ7bn7ZMuYTRWHAQ\/view?usp=drive_link\">7b &#8211; Fichier libmol lactose-lactase<\/a><\/p>\n\n\n\n<p><a href=\"https:\/\/drive.google.com\/file\/d\/1UpIKsTf4xfv6XAeb_EDOgcnEE-H4InxV\/view?usp=drive_link\">8 &#8211; TP Vitesse de r\u00e9action et concentration en substrat<\/a><\/p>\n<\/div><\/div>\n\n\n\n<div class=\"wp-block-cover is-light\" style=\"min-height:281px;aspect-ratio:unset;\"><span aria-hidden=\"true\" class=\"wp-block-cover__background has-background-dim\" style=\"background-color:#FFF\"><\/span><div class=\"wp-block-cover__inner-container has-global-padding is-layout-constrained wp-block-cover-is-layout-constrained\">\n<p class=\"has-text-align-center has-large-font-size\"><mark style=\"background-color:rgba(0, 0, 0, 0);color:#c90808\" class=\"has-inline-color\">Chapitre : L&rsquo;histoire humaine lue dans son g\u00e9nome<\/mark><\/p>\n\n\n\n<p><a href=\"https:\/\/drive.google.com\/file\/d\/1hD_K1UOHN5FxSKQaX3UytOB49h3BVnwD\/view?usp=drive_link\">1 &#8211; Le projet g\u00e9nome humain<\/a><\/p>\n\n\n\n<p><a href=\"https:\/\/drive.google.com\/file\/d\/1a1IFhut8iEJnlN8dv0Hfi2Kst8Mzu6XN\/view?usp=drive_link\">2 &#8211; Vid\u00e9o sur le s\u00e9quen\u00e7age du g\u00e9nome<\/a><\/p>\n\n\n\n<p><a href=\"https:\/\/drive.google.com\/file\/d\/1gC0fkDkA9ngFu8CO0MjT8UaL_1FnNGie\/view?usp=drive_link\">3 &#8211; L&rsquo;intol\u00e9rance au lactose, une longue histoire<\/a><\/p>\n\n\n\n<p><a href=\"https:\/\/drive.google.com\/file\/d\/1bFwzML7F_JI9kPXLpccjQcF2yWFDj934\/view?usp=drive_link\">4a &#8211; Histoire de l&rsquo;Homme de Denisova<\/a><\/p>\n\n\n\n<p><a href=\"https:\/\/drive.google.com\/file\/d\/1hOzMdXC9QA1jKisl7IAg6Jvudd9pKiAn\/view?usp=drive_link\">4b &#8211; Fichiers Geniegen2<\/a><\/p>\n\n\n\n<p><a href=\"https:\/\/drive.google.com\/drive\/folders\/1Z1FpOKXE-RGYFve-WwbDExtTKkCma-n4?usp=sharing\">Fichiers de secours<\/a><\/p>\n\n\n\n<p><\/p>\n<\/div><\/div>\n","protected":false},"excerpt":{"rendered":"","protected":false},"author":1,"featured_media":0,"parent":0,"menu_order":0,"comment_status":"closed","ping_status":"closed","template":"","meta":{"footnotes":""},"class_list":["post-160","page","type-page","status-publish","hentry"],"_links":{"self":[{"href":"https:\/\/svtasset.fr\/index.php\/wp-json\/wp\/v2\/pages\/160","targetHints":{"allow":["GET"]}}],"collection":[{"href":"https:\/\/svtasset.fr\/index.php\/wp-json\/wp\/v2\/pages"}],"about":[{"href":"https:\/\/svtasset.fr\/index.php\/wp-json\/wp\/v2\/types\/page"}],"author":[{"embeddable":true,"href":"https:\/\/svtasset.fr\/index.php\/wp-json\/wp\/v2\/users\/1"}],"replies":[{"embeddable":true,"href":"https:\/\/svtasset.fr\/index.php\/wp-json\/wp\/v2\/comments?post=160"}],"version-history":[{"count":5,"href":"https:\/\/svtasset.fr\/index.php\/wp-json\/wp\/v2\/pages\/160\/revisions"}],"predecessor-version":[{"id":286,"href":"https:\/\/svtasset.fr\/index.php\/wp-json\/wp\/v2\/pages\/160\/revisions\/286"}],"wp:attachment":[{"href":"https:\/\/svtasset.fr\/index.php\/wp-json\/wp\/v2\/media?parent=160"}],"curies":[{"name":"wp","href":"https:\/\/api.w.org\/{rel}","templated":true}]}}