{"id":164,"date":"2025-02-17T09:25:31","date_gmt":"2025-02-17T08:25:31","guid":{"rendered":"https:\/\/svtasset.fr\/?page_id=164"},"modified":"2025-07-01T17:23:07","modified_gmt":"2025-07-01T15:23:07","slug":"variation-genetique-et-sante","status":"publish","type":"page","link":"https:\/\/svtasset.fr\/index.php\/variation-genetique-et-sante\/","title":{"rendered":"VARIATION GENETIQUE ET SANTE"},"content":{"rendered":"\n<div class=\"wp-block-cover is-light\"><span aria-hidden=\"true\" class=\"wp-block-cover__background has-background-dim\" style=\"background-color:#FFF\"><\/span><div class=\"wp-block-cover__inner-container has-global-padding is-layout-constrained wp-block-cover-is-layout-constrained\">\n<p class=\"has-text-align-center has-large-font-size\"><mark style=\"background-color:rgba(0, 0, 0, 0);color:#c90808\" class=\"has-inline-color\">Chapitre : Variation g\u00e9n\u00e9tique et sant\u00e9<\/mark><\/p>\n\n\n\n<p><a href=\"https:\/\/drive.google.com\/file\/d\/1fh3CK0-4VH-IEOyp-xhvzxTKJ8qdlI_2\/view?usp=drive_link\">1 a &#8211; Etude de la dr\u00e9panocytose<\/a><\/p>\n\n\n\n<p><a href=\"https:\/\/drive.google.com\/file\/d\/1SiufsC5kz9ntdOB42GdZiZzA6Q95NWXw\/view?usp=drive_link\">1b &#8211; Etude de la mucoviscidose<\/a><\/p>\n\n\n\n<p><a href=\"https:\/\/drive.google.com\/file\/d\/1nQLIUp6SVsx19bybYQ3LnYIe12MDicOA\/view?usp=drive_link\">2 &#8211; Pr\u00e9venir et traiter les maladies g\u00e9n\u00e9tiques<\/a><\/p>\n\n\n\n<p><a href=\"https:\/\/drive.google.com\/file\/d\/1XlJyBnmQri5YX_rGzIgtS-ZN4D6aeC4B\/view?usp=drive_link\">3 &#8211; Arbre g\u00e9n\u00e9alogique de la mucoviscidose <\/a><\/p>\n\n\n\n<p><a href=\"https:\/\/drive.google.com\/file\/d\/1XsFUM4vZKqI7X9zaAddmYsGo_6VFKn-8\/view?usp=drive_link\">4a &#8211; Etude du diab\u00e8te de type 2<\/a><\/p>\n\n\n\n<p><a href=\"https:\/\/drive.google.com\/file\/d\/17ZsDIfL7beGGptHT635HB89lp9zlEkQJ\/view?usp=drive_link\">4b &#8211; TP test de Mancini sur le diab\u00e8te<\/a><\/p>\n\n\n\n<p><a href=\"https:\/\/drive.google.com\/file\/d\/1KFzxvj0dBvjkkJq0zfcKTajVLbr1_jXK\/view?usp=drive_link\">5a &#8211; Processus de canc\u00e9risation<\/a><\/p>\n\n\n\n<p><a href=\"https:\/\/drive.google.com\/file\/d\/1JReI3Zq8bENrceuC28K2SBdac_oF2czx\/view?usp=drive_link\">5b &#8211; La naissance d&rsquo;une tumeur canc\u00e9reuse<\/a><\/p>\n\n\n\n<p><a href=\"https:\/\/drive.google.com\/file\/d\/1eOPc9w56bP8KZz0ond7qws363diEYuLy\/view?usp=drive_link\">5c &#8211; Une multitude de facteurs canc\u00e9rig\u00e8nes<\/a><\/p>\n\n\n\n<p><a href=\"https:\/\/drive.google.com\/file\/d\/1JpiGi_ZGi9irKQt-2ktrMz7PM53ngioT\/view?usp=drive_link\">6 &#8211; TP processus de canc\u00e9risation (prot\u00e9ine p53)<\/a><\/p>\n\n\n\n<p><a href=\"https:\/\/drive.google.com\/file\/d\/1fQd8_rIqtnuW5EOAOCeXoPnO684uL2bM\/view?usp=drive_link\">7 &#8211; Origine multifactorielle des cancers<\/a><\/p>\n\n\n\n<p><a href=\"https:\/\/drive.google.com\/file\/d\/1eF2xDhZ6uy_rnmFVMD0GuoUmkuker618\/view?usp=drive_link\">8 &#8211; Traitements d&rsquo;un cancer<\/a><\/p>\n\n\n\n<p><a href=\"https:\/\/drive.google.com\/file\/d\/1rHgmDHz9BM5IdvohsZpW1bjYiI9RFfxO\/view?usp=drive_link\">9 &#8211; Variation g\u00e9n\u00e9tique bact\u00e9rienne et r\u00e9sistance aux antibiotiques<\/a><\/p>\n\n\n\n<p><a href=\"https:\/\/drive.google.com\/file\/d\/1FlxLlBPcwuYeDAv5KA55_Y-oplpOVsgh\/view?usp=drive_link\">10a &#8211; TP antibiogramme<\/a><\/p>\n\n\n\n<p><a href=\"https:\/\/drive.google.com\/file\/d\/10aMWBfUNAD6wK6xmAtG5G5Slg577Uyij\/view?usp=drive_link\">10b &#8211; Protocole du TP antibiogramme<\/a><\/p>\n\n\n\n<p><a href=\"https:\/\/drive.google.com\/drive\/folders\/1ehISxAZbH4VWWwmAZdqM1KXuGmohmQ5s?usp=drive_link\">Fichiers de secours libmol et geniegen2<\/a><\/p>\n<\/div><\/div>\n","protected":false},"excerpt":{"rendered":"","protected":false},"author":1,"featured_media":0,"parent":0,"menu_order":0,"comment_status":"closed","ping_status":"closed","template":"","meta":{"footnotes":""},"class_list":["post-164","page","type-page","status-publish","hentry"],"_links":{"self":[{"href":"https:\/\/svtasset.fr\/index.php\/wp-json\/wp\/v2\/pages\/164","targetHints":{"allow":["GET"]}}],"collection":[{"href":"https:\/\/svtasset.fr\/index.php\/wp-json\/wp\/v2\/pages"}],"about":[{"href":"https:\/\/svtasset.fr\/index.php\/wp-json\/wp\/v2\/types\/page"}],"author":[{"embeddable":true,"href":"https:\/\/svtasset.fr\/index.php\/wp-json\/wp\/v2\/users\/1"}],"replies":[{"embeddable":true,"href":"https:\/\/svtasset.fr\/index.php\/wp-json\/wp\/v2\/comments?post=164"}],"version-history":[{"count":4,"href":"https:\/\/svtasset.fr\/index.php\/wp-json\/wp\/v2\/pages\/164\/revisions"}],"predecessor-version":[{"id":285,"href":"https:\/\/svtasset.fr\/index.php\/wp-json\/wp\/v2\/pages\/164\/revisions\/285"}],"wp:attachment":[{"href":"https:\/\/svtasset.fr\/index.php\/wp-json\/wp\/v2\/media?parent=164"}],"curies":[{"name":"wp","href":"https:\/\/api.w.org\/{rel}","templated":true}]}}