{"id":183,"date":"2025-02-17T12:00:15","date_gmt":"2025-02-17T11:00:15","guid":{"rendered":"https:\/\/svtasset.fr\/?page_id=183"},"modified":"2026-02-06T15:58:04","modified_gmt":"2026-02-06T14:58:04","slug":"comportement-mouvement-et-systeme-nerveux","status":"publish","type":"page","link":"https:\/\/svtasset.fr\/index.php\/comportement-mouvement-et-systeme-nerveux\/","title":{"rendered":"COMPORTEMENT, MOUVEMENT ET SYSTEME NERVEUX"},"content":{"rendered":"\n<div class=\"wp-block-cover is-light\"><span aria-hidden=\"true\" class=\"wp-block-cover__background has-background-dim\" style=\"background-color:#FFF\"><\/span><div class=\"wp-block-cover__inner-container has-global-padding is-layout-constrained wp-block-cover-is-layout-constrained\">\n<p class=\"has-text-align-center has-large-font-size\"><mark style=\"background-color:rgba(0, 0, 0, 0);color:#c90808\" class=\"has-inline-color\">Chapitre : Comportement, mouvement et syst\u00e8me nerveux<\/mark><\/p>\n\n\n\n<p><a href=\"https:\/\/drive.google.com\/file\/d\/1wrBNgRJK8iPDCk-_mFohnmU7_SQiUREJ\/view?usp=drive_link\">Plan de travail sur le syst\u00e8me nerveux<\/a><\/p>\n\n\n\n<p><a href=\"https:\/\/drive.google.com\/file\/d\/11m481DRI-aMvTiDfRZh6fxJgAM8FV6Rn\/view?usp=drive_link\">1a &#8211; Rappels de coll\u00e8ge sur le syst\u00e8me nerveux<\/a><\/p>\n\n\n\n<p><a href=\"https:\/\/drive.google.com\/file\/d\/13sCjmtyVGvSYNo1mBieU-7snMinOuwWR\/view?usp=drive_link\">1b &#8211; Vid\u00e9o sur les r\u00e9flexes et l&rsquo;action volontaire<\/a><\/p>\n\n\n\n<p><a href=\"https:\/\/drive.google.com\/file\/d\/1DWWwLqAhnN2nh3Bii-jQDBF6dZdzHG9T\/view?usp=drive_link\">2 &#8211; Exercice sur les rappels de coll\u00e8ge<\/a><\/p>\n\n\n\n<p>3 &#8211; D\u00e9but du cours \u00e0 recopier<\/p>\n\n\n\n<p><a href=\"https:\/\/learningapps.org\/view1601889\">4a &#8211; Learning Apps : dissection du poisson<\/a><\/p>\n\n\n\n<p><a href=\"https:\/\/learningapps.org\/watch?v=pa8sdj5qj20\">4b &#8211; Learning Apps : qui veut gagner des millions<\/a><\/p>\n\n\n\n<p><a href=\"https:\/\/learningapps.org\/view5832143\">4c &#8211; Learning Apps : Sch\u00e9ma bilan du syst\u00e8me nerveux vu au coll\u00e8ge<\/a><\/p>\n\n\n\n<p><a href=\"https:\/\/drive.google.com\/file\/d\/1m2ssHxFPwjjOzsZCBW62wQ3wdmCY_3V2\/view?usp=drive_link\">5a &#8211; RESSOURCES sur les r\u00e9flexes<\/a><\/p>\n\n\n\n<p><a href=\"https:\/\/drive.google.com\/file\/d\/13DBqkxg0zPFvBa2HzNr-EmTpbFH4azKY\/view?usp=drive_link\">5b &#8211; Etape 1 Identification du centre nerveux<\/a><\/p>\n\n\n\n<p><a href=\"https:\/\/drive.google.com\/file\/d\/1RIN0nScIlzWhzCIgTCpCBl6g6EjpR9O1\/view?usp=drive_link\">5c &#8211; Etape 2 Identification des structures cellulaires<\/a><\/p>\n\n\n\n<p><a href=\"https:\/\/drive.google.com\/file\/d\/1hK7WT_IntqLFxitKWyGKCETFCf9zEFgB\/view?usp=drive_link\">5d &#8211; Etape 3 Exp\u00e9rience de Magendie<\/a><\/p>\n\n\n\n<p><a href=\"https:\/\/drive.google.com\/file\/d\/1uIsl0vviYk_RdUo8TRtlP5eHYYEddqOR\/view?usp=drive_link\">5e &#8211; Etape 4 Sch\u00e9ma bilan de l&rsquo;arc r\u00e9flexe<\/a><\/p>\n\n\n\n<p><a href=\"https:\/\/drive.google.com\/file\/d\/1vdMuCS35aV98VgRJTGj7cPx7TZcEMEZW\/view?usp=drive_link\">5f &#8211; Sch\u00e9ma de l&rsquo;arc r\u00e9flexe \u00e0 compl\u00e9ter<\/a><\/p>\n\n\n\n<p><a href=\"https:\/\/drive.google.com\/file\/d\/1TuMKcRq_3YlOkNX7YN6vFkGppZm_Ttpx\/view?usp=drive_link\">5g &#8211; Vid\u00e9o sur le r\u00e9flexe myotatique<\/a><\/p>\n\n\n\n<p><a href=\"https:\/\/drive.google.com\/file\/d\/1efNCS_fX7KHPF2N4oG2P0xziM5igOWA_\/view?usp=drive_link\">6 &#8211; RESSOURCES sur le message nerveux<\/a><\/p>\n\n\n\n<p><a href=\"https:\/\/drive.google.com\/file\/d\/1Eu45q57UBX6J5iiDhzxLc-aRb4-MpG0G\/view?usp=drive_link\">7a &#8211; RESSOURCES sur le mouvement volontaire<\/a><\/p>\n\n\n\n<p><a href=\"https:\/\/drive.google.com\/file\/d\/1CfPBL3spLPAXkJAHQ9UFGyh2LZAAuMg4\/view?usp=drive_link\">7b &#8211; TP IRM virtuelle<\/a><\/p>\n\n\n\n<p><a href=\"https:\/\/drive.google.com\/file\/d\/14rQq7NBxcwIx1yS9XEwQ2LR3r6QZhesy\/view?usp=drive_link\">8a &#8211; RESSOURCES sur la plasticit\u00e9 c\u00e9r\u00e9brale<\/a><\/p>\n\n\n\n<p><a href=\"https:\/\/drive.google.com\/file\/d\/1iQWahMZR1Dsb5GmMN07vOleXRKyPkQec\/view?usp=drive_link\">8b &#8211; TP plasticit\u00e9 c\u00e9r\u00e9brale (entrainement)<\/a><\/p>\n\n\n\n<p><a href=\"https:\/\/drive.google.com\/file\/d\/1NwJNDdiCG4AneE4DebeieMoj_n44Lckx\/view?usp=drive_link\">8c &#8211; TP plasticit\u00e9 c\u00e9r\u00e9brale lors d&rsquo;un AVC<\/a><\/p>\n\n\n\n<p><a href=\"https:\/\/drive.google.com\/file\/d\/1ZNE9dGA4Ds1wrTp05DH1TfYXPxRHSv_7\/view?usp=drive_link\">9a -RESSOURCES sur les drogues et perturbation c\u00e9r\u00e9brale<\/a><\/p>\n\n\n\n<p><a href=\"https:\/\/drive.google.com\/file\/d\/1vaeXSBxkrzUnHHGuIJ3-TDKfoeS--KBs\/view?usp=drive_link\">9b &#8211; TP Action de la nicotine sur le r\u00e9cepteur \u00e0 l&rsquo;ac\u00e9tylcholine<\/a><\/p>\n\n\n\n<p><\/p>\n\n\n\n<p><strong><em><a href=\"https:\/\/drive.google.com\/drive\/folders\/1OROZmIlVyzZndk6EviTGJtqC47BAHcKw?usp=drive_link\"><mark style=\"background-color:rgba(0, 0, 0, 0);color:#4e1275\" class=\"has-inline-color\">CORRECTION DES TP<\/mark><\/a><\/em><\/strong><\/p>\n\n\n\n<p><a href=\"https:\/\/drive.google.com\/drive\/folders\/1hNqsh3aFX9wvtfbd2erXyAKEOFiknXnt?usp=drive_link\"><strong><mark style=\"background-color:rgba(0, 0, 0, 0);color:#100cdd\" class=\"has-inline-color\"><em>ACCES AUX COURS<\/em> <\/mark><\/strong><\/a><\/p>\n<\/div><\/div>\n\n\n\n<div class=\"wp-block-cover is-light\" style=\"min-height:281px;aspect-ratio:unset;\"><span aria-hidden=\"true\" class=\"wp-block-cover__background has-background-dim\" style=\"background-color:#FFF\"><\/span><div class=\"wp-block-cover__inner-container has-global-padding is-layout-constrained wp-block-cover-is-layout-constrained\">\n<p class=\"has-text-align-center has-large-font-size\"><mark style=\"background-color:rgba(0, 0, 0, 0);color:#c90808\" class=\"has-inline-color\">Chapitre : Produire le mouvement, contraction et apport d&rsquo;\u00e9nergie<\/mark><\/p>\n\n\n\n<p><a href=\"https:\/\/drive.google.com\/file\/d\/1ZZtmcrmIRy8Eyhz8-S6_tah7CtKo3hxm\/view?usp=drive_link\">Plan de travail sur la contraction musculaire et l&rsquo;apport d&rsquo;\u00e9nergie<\/a><\/p>\n\n\n\n<p><a href=\"https:\/\/drive.google.com\/file\/d\/1F-Ye7n-qMd6uXIb2XkoX4m_GROkJW4IP\/view?usp=drive_link\">1a &#8211; RESSOURCES sur les cellules musculaires<\/a><\/p>\n\n\n\n<p><a href=\"https:\/\/drive.google.com\/file\/d\/1jrvRkIIss6TcNrZaSp8Ka2LkOs9EpNYh\/view?usp=drive_link\">1b &#8211; Vid\u00e9o sur le fonctionnement des muscles<\/a><\/p>\n\n\n\n<p><a href=\"https:\/\/drive.google.com\/file\/d\/1wZ6ieDbsy9o_5tNGoiiV1rLTNxAlWgeX\/view?usp=drive_link\">1c &#8211; Vid\u00e9o sur les mol\u00e9cules impliqu\u00e9es dans la contraction musculaire<\/a><\/p>\n\n\n\n<p><a href=\"https:\/\/drive.google.com\/file\/d\/1aibroE-4TXjVfnDlQCZku6ylk-yAJGwT\/view?usp=drive_link\">1d &#8211; TP coques sur l&rsquo;importance de l&rsquo;ATP et du calcium<\/a><\/p>\n\n\n\n<p><a href=\"https:\/\/drive.google.com\/file\/d\/1WXTmtEHLIJyjX8TCdvuEHzBM4ebi_ZEG\/view?usp=drive_link\">2 &#8211; Myopathie de Duchenne<\/a><\/p>\n\n\n\n<p><a href=\"https:\/\/drive.google.com\/file\/d\/18Ms0FnuCnzzuJZ6EDSrz0atAxlbZxhCm\/view?usp=drive_link\">3a &#8211; RESSOURCES sur la mol\u00e9cule d&rsquo;ATP<\/a><\/p>\n\n\n\n<p><a href=\"https:\/\/drive.google.com\/file\/d\/178txW1AP43lnwSg8W4P-vZGTHxwNDc8j\/view?usp=drive_link\">3b &#8211; TP sur les voies m\u00e9taboliques de r\u00e9g\u00e9n\u00e9ration de l&rsquo;ATP<\/a><\/p>\n\n\n\n<p><a href=\"https:\/\/drive.google.com\/file\/d\/1Uk6p34N1vAoC-baOBAY-aqgi9TAHXH6u\/view?usp=drive_link\">3c &#8211; TP sur le substrat des mitochondries<\/a><\/p>\n\n\n\n<p><a href=\"https:\/\/drive.google.com\/file\/d\/1lvdlSShF1DkDCxtqD8YobwEtReeOdjfC\/view?usp=drive_link\">4a &#8211; Mitochondries et respiration<\/a><\/p>\n\n\n\n<p><a href=\"https:\/\/drive.google.com\/file\/d\/1D8KowyMnn1u10MPzKK4kgdqrxTvkRR5W\/view?usp=drive_link\">4b &#8211; Sch\u00e9ma \u00e0 compl\u00e9ter<\/a><\/p>\n\n\n\n<p><a href=\"https:\/\/docs.google.com\/forms\/d\/e\/1FAIpQLSe08V7ThPpDNeflC2eUDj7pbe5v6COQfpUJbMyZCQ7bJbESqQ\/viewform?usp=header\">4c &#8211; Lien du QCM<\/a><\/p>\n\n\n\n<p><a href=\"https:\/\/drive.google.com\/file\/d\/1wUty-h-ub12av4Xi02EL7-K7bnaEIDp6\/view?usp=drive_link\">4d &#8211; Vid\u00e9o sur la respiration cellulaire<\/a><\/p>\n\n\n\n<p><a href=\"https:\/\/drive.google.com\/file\/d\/1AnU5ZRMngmL9F-nlb96LNXGbKrPMj0Q8\/view?usp=drive_link\">6a &#8211; RESSOURCES sur le contr\u00f4le des flux de glucose<\/a><\/p>\n\n\n\n<p><a href=\"https:\/\/drive.google.com\/file\/d\/1FgdAhLMh5Tb6Svv20A5ZkRmM-MFnyDiG\/view?usp=drive_link\">6b &#8211; TP organes effecteurs de la glyc\u00e9mie<\/a><\/p>\n\n\n\n<p><a href=\"https:\/\/drive.google.com\/file\/d\/1Y590urPItZWNaK8A8fRp8ovK5AYxpqEy\/view?usp=drive_link\">6c &#8211; TP r\u00e9gulation de la glyc\u00e9mie par les hormones pancr\u00e9atiques<\/a><\/p>\n\n\n\n<p><\/p>\n\n\n\n<p><em><strong><a href=\"https:\/\/drive.google.com\/drive\/folders\/1GrnnPfD1NhqscTqBOsweTc4FZs8M-lCg?usp=sharing\"><mark style=\"background-color:rgba(0, 0, 0, 0);color:#4e1275\" class=\"has-inline-color\">CORRECTION DES TP<\/mark><\/a><\/strong><\/em><\/p>\n\n\n\n<p><a href=\"https:\/\/drive.google.com\/drive\/folders\/1u9CyWCG5u8WiwjJ6hhm7bNLRWXRBKbZ_?usp=sharing\"><strong><em><mark style=\"background-color:rgba(0, 0, 0, 0);color:#100cdd\" class=\"has-inline-color\">ACCES AU COURS<\/mark><\/em><\/strong><\/a><\/p>\n<\/div><\/div>\n","protected":false},"excerpt":{"rendered":"","protected":false},"author":1,"featured_media":0,"parent":0,"menu_order":0,"comment_status":"closed","ping_status":"closed","template":"","meta":{"footnotes":""},"class_list":["post-183","page","type-page","status-publish","hentry"],"_links":{"self":[{"href":"https:\/\/svtasset.fr\/index.php\/wp-json\/wp\/v2\/pages\/183","targetHints":{"allow":["GET"]}}],"collection":[{"href":"https:\/\/svtasset.fr\/index.php\/wp-json\/wp\/v2\/pages"}],"about":[{"href":"https:\/\/svtasset.fr\/index.php\/wp-json\/wp\/v2\/types\/page"}],"author":[{"embeddable":true,"href":"https:\/\/svtasset.fr\/index.php\/wp-json\/wp\/v2\/users\/1"}],"replies":[{"embeddable":true,"href":"https:\/\/svtasset.fr\/index.php\/wp-json\/wp\/v2\/comments?post=183"}],"version-history":[{"count":12,"href":"https:\/\/svtasset.fr\/index.php\/wp-json\/wp\/v2\/pages\/183\/revisions"}],"predecessor-version":[{"id":396,"href":"https:\/\/svtasset.fr\/index.php\/wp-json\/wp\/v2\/pages\/183\/revisions\/396"}],"wp:attachment":[{"href":"https:\/\/svtasset.fr\/index.php\/wp-json\/wp\/v2\/media?parent=183"}],"curies":[{"name":"wp","href":"https:\/\/api.w.org\/{rel}","templated":true}]}}