{"id":216,"date":"2025-02-17T17:27:10","date_gmt":"2025-02-17T16:27:10","guid":{"rendered":"https:\/\/svtasset.fr\/?page_id=216"},"modified":"2025-07-01T17:26:52","modified_gmt":"2025-07-01T15:26:52","slug":"ecosysteme-et-services-environnementaux","status":"publish","type":"page","link":"https:\/\/svtasset.fr\/index.php\/ecosysteme-et-services-environnementaux\/","title":{"rendered":"ECOSYSTEME ET SERVICES ENVIRONNEMENTAUX"},"content":{"rendered":"\n<div class=\"wp-block-cover is-light\"><span aria-hidden=\"true\" class=\"wp-block-cover__background has-background-dim\" style=\"background-color:#FFF\"><\/span><div class=\"wp-block-cover__inner-container has-global-padding is-layout-constrained wp-block-cover-is-layout-constrained\">\n<p class=\"has-text-align-center has-large-font-size\"><mark style=\"background-color:rgba(0, 0, 0, 0);color:#c90808\" class=\"has-inline-color\">Chapitre : Ecosyst\u00e8mes et services environnementaux<\/mark><\/p>\n\n\n\n<p><a href=\"https:\/\/view.genially.com\/5f32b4eae948420d8267ae0a\">Des interactions au c\u0153ur des \u00e9cosyst\u00e8mes<\/a><\/p>\n<\/div><\/div>\n","protected":false},"excerpt":{"rendered":"","protected":false},"author":1,"featured_media":0,"parent":0,"menu_order":0,"comment_status":"closed","ping_status":"closed","template":"","meta":{"footnotes":""},"class_list":["post-216","page","type-page","status-publish","hentry"],"_links":{"self":[{"href":"https:\/\/svtasset.fr\/index.php\/wp-json\/wp\/v2\/pages\/216","targetHints":{"allow":["GET"]}}],"collection":[{"href":"https:\/\/svtasset.fr\/index.php\/wp-json\/wp\/v2\/pages"}],"about":[{"href":"https:\/\/svtasset.fr\/index.php\/wp-json\/wp\/v2\/types\/page"}],"author":[{"embeddable":true,"href":"https:\/\/svtasset.fr\/index.php\/wp-json\/wp\/v2\/users\/1"}],"replies":[{"embeddable":true,"href":"https:\/\/svtasset.fr\/index.php\/wp-json\/wp\/v2\/comments?post=216"}],"version-history":[{"count":3,"href":"https:\/\/svtasset.fr\/index.php\/wp-json\/wp\/v2\/pages\/216\/revisions"}],"predecessor-version":[{"id":287,"href":"https:\/\/svtasset.fr\/index.php\/wp-json\/wp\/v2\/pages\/216\/revisions\/287"}],"wp:attachment":[{"href":"https:\/\/svtasset.fr\/index.php\/wp-json\/wp\/v2\/media?parent=216"}],"curies":[{"name":"wp","href":"https:\/\/api.w.org\/{rel}","templated":true}]}}