{"id":43,"date":"2025-02-16T16:11:42","date_gmt":"2025-02-16T15:11:42","guid":{"rendered":"http:\/\/svtasset.fr\/?page_id=43"},"modified":"2025-07-02T14:16:53","modified_gmt":"2025-07-02T12:16:53","slug":"cours-de-premiere-enseignement-scientifique","status":"publish","type":"page","link":"https:\/\/svtasset.fr\/index.php\/cours-de-premiere-enseignement-scientifique\/","title":{"rendered":"Cours de Premi\u00e8re Enseignement scientifique"},"content":{"rendered":"\n<div class=\"wp-block-cover is-light\"><span aria-hidden=\"true\" class=\"wp-block-cover__background has-background-dim\" style=\"background-color:#FFF\"><\/span><div class=\"wp-block-cover__inner-container has-global-padding is-layout-constrained wp-block-cover-is-layout-constrained\">\n<p class=\"has-text-align-center has-large-font-size\"><strong><mark style=\"background-color:rgba(0, 0, 0, 0);color:#390cf2\" class=\"has-inline-color\">Question n\u00b01 : Comment expliquer la diversit\u00e9 des \u00e9l\u00e9ments chimiques dans l\u2019Univers\u00a0?<\/mark><\/strong><\/p>\n\n\n\n<p><a href=\"https:\/\/drive.google.com\/file\/d\/1u-HL57OEIX-wBGu16G2r7Z374TmSI7bY\/view?usp=drive_link\">La diversit\u00e9 des \u00e9l\u00e9ments dans l&rsquo;Univers<\/a><\/p>\n\n\n\n<p><a href=\"https:\/\/drive.google.com\/file\/d\/17XAI1j8e0nb0sBQibQtdQThLpg5AHF_R\/view?usp=drive_link\">Vid\u00e9o origine des \u00e9l\u00e9ments chimiques<\/a><\/p>\n\n\n\n<p><a href=\"https:\/\/drive.google.com\/file\/d\/11FpbuOjethRomi4_wF31vhsuoKtZR9Om\/view?usp=drive_link\">Exercice fission ou fusion ?<\/a><\/p>\n\n\n\n<p class=\"has-text-align-center has-large-font-size\"><strong><mark style=\"background-color:rgba(0, 0, 0, 0);color:#390cf2\" class=\"has-inline-color\">Question n\u00b02 : Comment le carbone 14 permet-il de d\u00e9terminer la date de la mort d\u2019un \u00eatre autrefois vivant\u00a0?<\/mark><\/strong><\/p>\n\n\n\n<p><a href=\"https:\/\/drive.google.com\/file\/d\/1iQh2x3-IcesvopfZWwgJwU24Ha_ydXyt\/view?usp=drive_link\">La radioactivit\u00e9 et ses d\u00e9couvertes<\/a><\/p>\n\n\n\n<p><a href=\"https:\/\/drive.google.com\/file\/d\/1Gj60ZigbLQvPUOlEi5p7mB1ty96UjBjS\/view?usp=drive_link\">Vid\u00e9o sur le principe de la datation au carbone 14<\/a><\/p>\n\n\n\n<p><a href=\"https:\/\/drive.google.com\/file\/d\/1d6I9NwLwwfQhF2iBf9nQwWwbAzWhBGWT\/view?usp=drive_link\">Exercice datation d&rsquo;une momie<\/a><\/p>\n\n\n\n<p><a href=\"https:\/\/drive.google.com\/file\/d\/1oV9DZqcDNeG4LV1rPifdq5uDZEUEMzyJ\/view?usp=drive_link\">Exercice d\u00e9sint\u00e9gration radioactive<\/a><\/p>\n\n\n\n<p class=\"has-text-align-center has-large-font-size\"><strong><mark style=\"background-color:rgba(0, 0, 0, 0);color:#390cf2\" class=\"has-inline-color\">Question n\u00b03 : Quelles sont les cristaux qui nous entourent et comment se forment-ils\u00a0?<\/mark><\/strong><\/p>\n\n\n\n<p><a href=\"https:\/\/drive.google.com\/file\/d\/1uewic9VBnMWATQmDsyN3etVqRUz-EB2P\/view?usp=drive_link\">TP : Les cristaux qui nous entourent<\/a><\/p>\n\n\n\n<p class=\"has-text-align-center has-large-font-size\"><strong><mark style=\"background-color:rgba(0, 0, 0, 0);color:#390cf2\" class=\"has-inline-color\">Question n\u00b04 : Comment a-t-on compris que tous les \u00eatres vivants sont constitu\u00e9s de cellules\u00a0?<\/mark><\/strong><\/p>\n\n\n\n<p><a href=\"https:\/\/view.genially.com\/5d45935c72f7d00f72ebe425\/\">La th\u00e9orie cellulaire<\/a><\/p>\n\n\n\n<p><a href=\"https:\/\/drive.google.com\/file\/d\/1kPeXrYrOp3fJL4-IIP8u6uiAZXrUW0Z8\/view?usp=drive_link\">DM sur la th\u00e9orie cellulaire et l&rsquo;\u00e9volution des microscopes<\/a><\/p>\n\n\n\n<p><a href=\"https:\/\/drive.google.com\/file\/d\/1znt-kFfNI1WvUH9GfyB7SiXXqRZFTv3v\/view?usp=drive_link\">Exercice sur la th\u00e9orie cellulaire<\/a><\/p>\n\n\n\n<p class=\"has-text-align-center has-large-font-size\"><strong><mark style=\"background-color:rgba(0, 0, 0, 0);color:#390cf2\" class=\"has-inline-color\">Question n\u00b05 : Quels liens peut-on faire entre l\u2019\u00e9chelle cellulaire et l\u2019\u00e9chelle mol\u00e9culaire ? (Exemple de la membrane plasmique)<\/mark><\/strong><\/p>\n\n\n\n<p><a href=\"https:\/\/drive.google.com\/file\/d\/1OZ1A63Am2sIvwoJmyfnJzq8BbP_50O-O\/view?usp=drive_link\">La membrane plasmique<\/a><\/p>\n\n\n\n<p><a href=\"https:\/\/drive.google.com\/file\/d\/1FXpkIYlaihQQeGzKqsW-RiaWzO0CKEFV\/view?usp=drive_link\">Exercice sur la prise d&rsquo;alcool<\/a><\/p>\n\n\n\n<p class=\"has-text-align-center has-large-font-size\"><strong><mark style=\"background-color:rgba(0, 0, 0, 0);color:#390cf2\" class=\"has-inline-color\">Question n\u00b06 : Comment d\u00e9terminer la temp\u00e9rature du Soleil sans pouvoir s\u2019y rendre\u00a0?<\/mark><\/strong><\/p>\n\n\n\n<p><a href=\"https:\/\/drive.google.com\/file\/d\/1VVQcgwKSbtVr0e1ZoVIqvgdgY_vGqSH8\/view?usp=drive_link\">Le rayonnement solaire<\/a><\/p>\n\n\n\n<p><a href=\"https:\/\/drive.google.com\/file\/d\/1RpGeMPGPiBAU7AZBtgvYiKgZ0x7epAXG\/view?usp=drive_link\">Exercice sur le rayonnement solaire<\/a><\/p>\n\n\n\n<p><a href=\"https:\/\/drive.google.com\/drive\/folders\/1GBx5PJfMFOqUpSi7j9_e1ni7gNBN3BzI?usp=drive_link\">Effets du rayonnement solaire sur la sant\u00e9 humaine<\/a><\/p>\n\n\n\n<p><a href=\"https:\/\/drive.google.com\/file\/d\/1aQWmCquCot44JklAoDExkEotFYvuXJBz\/view?usp=drive_link\">Exercice sur les UV<\/a><\/p>\n\n\n\n<p class=\"has-text-align-center has-large-font-size\"><strong><mark style=\"background-color:rgba(0, 0, 0, 0);color:#390cf2\" class=\"has-inline-color\">Question n\u00b07 : Quels sont les diff\u00e9rents facteurs qui influencent la temp\u00e9rature de la Terre\u00a0?<\/mark><\/strong><\/p>\n\n\n\n<p><a href=\"https:\/\/drive.google.com\/file\/d\/1AYOXIhVs1jAcb_jg9Zm68_lwDKLWrP_e\/view?usp=drive_link\">Vid\u00e9o sur l&rsquo;alb\u00e9do<\/a><\/p>\n\n\n\n<p><a href=\"https:\/\/drive.google.com\/file\/d\/1tw0fVIy42PRIwjOfeof4FAV20t4K5hEb\/view?usp=drive_link\">Vid\u00e9o sur l&rsquo;effet de serre<\/a><\/p>\n\n\n\n<p><a href=\"https:\/\/drive.google.com\/file\/d\/1sqUY8mBQY9F8sP1Z3XxT2lKuOOQzodVA\/view?usp=drive_link\">Animation sur l&rsquo;effet de serre<\/a><\/p>\n\n\n\n<p><a href=\"https:\/\/view.genially.com\/5d482e70a5f10a0f61ffb1fc\/horizontal-infographic-review-lalbedo-terrestre\">Qu&rsquo;est ce que l&rsquo;alb\u00e9do ?<\/a><\/p>\n\n\n\n<p><a href=\"https:\/\/view.genially.com\/5d47fe1c84bc160f6cd71afd\/horizontal-infographic-review-leffet-de-serre\">Qu&rsquo;est ce que l&rsquo;effet de serre ?<\/a><\/p>\n\n\n\n<p><a href=\"https:\/\/drive.google.com\/file\/d\/1WQ2EPspH3O94EFTF3AirVdR28G5PgyE7\/view?usp=drive_link\">Compl\u00e9ment sur la puissance solaire re\u00e7ue<\/a><\/p>\n\n\n\n<p><a href=\"https:\/\/drive.google.com\/file\/d\/1gLvI4BZX8iyyergwPnSj1SJzPVlZwUEl\/view?usp=drive_link\">Exercice sur l&rsquo;alb\u00e9do<\/a><\/p>\n\n\n\n<p class=\"has-text-align-center has-large-font-size\"><mark style=\"background-color:rgba(0, 0, 0, 0);color:#390cf2\" class=\"has-inline-color\"><strong>Question n\u00b09 :<\/strong> <strong>Comment expliquer la lib\u00e9ration d\u2019\u00e9nergie et de dioxyde de carbone lors de l\u2019utilisation des combustibles fossiles\u00a0?<\/strong><\/mark><\/p>\n\n\n\n<p><a href=\"https:\/\/view.genially.com\/5dcfc63517e6c40f69d779e5\">L&rsquo;origine des combustibles fossiles<\/a><\/p>\n\n\n\n<p class=\"has-text-align-center has-large-font-size\"><mark style=\"background-color:rgba(0, 0, 0, 0);color:#390cf2\" class=\"has-inline-color\"><strong>Question n\u00b010 :<\/strong> <strong><strong>Comment la biomasse v\u00e9g\u00e9tale accumule-t-elle l\u2019\u00e9nergie que l\u2019on retrouve dans ces combustibles ?<\/strong><\/strong><\/mark><\/p>\n\n\n\n<p><a href=\"https:\/\/drive.google.com\/file\/d\/15Pwxj6U001NmTLkF14x99dbVuGGMcI_g\/view?usp=drive_link\">Conversion biologique : la photosynth\u00e8se<\/a><\/p>\n\n\n\n<p><a href=\"https:\/\/drive.google.com\/file\/d\/1A6bvhNlVbuAnF6lcVt3s_9UbqhbXVL55\/view?usp=drive_link\">Sch\u00e9ma de la feuille \u00e0 compl\u00e9ter<\/a><\/p>\n\n\n\n<p><a href=\"https:\/\/drive.google.com\/file\/d\/1iJjiblMn7lUsu7RgEBICmWzOLpm7ZVdZ\/view?usp=drive_link\">Exercice sur la photosynth\u00e8se et les combustibles<\/a><\/p>\n\n\n\n<p><a href=\"https:\/\/drive.google.com\/file\/d\/1PoFzL7ZPQ8zfUwremUYg2Oi-ViJwDwer\/view?usp=drive_link\">La photosynth\u00e8se plan\u00e9taire<\/a><\/p>\n\n\n\n<p class=\"has-text-align-center has-large-font-size\"><mark style=\"background-color:rgba(0, 0, 0, 0);color:#390cf2\" class=\"has-inline-color\"><strong>Question n\u00b012 :<\/strong> <strong><strong><strong>Gr\u00e2ce \u00e0 quelle m\u00e9thode les scientifiques se sont-ils accord\u00e9s sur l\u2019\u00e2ge de la Terre\u00a0?<\/strong><\/strong><\/strong><\/mark><\/p>\n\n\n\n<p><a href=\"https:\/\/drive.google.com\/file\/d\/1O9FTLkYVhLmHY6H8QeRmw_-dHZAW83pa\/view?usp=drive_link\">Documents pour l&rsquo;estimation de l&rsquo;\u00e2ge de la Terre<\/a><\/p>\n\n\n\n<p><a href=\"https:\/\/drive.google.com\/file\/d\/1WQSv3BoGwwjDzmz3-MdaGqtcg2OUJ0Vy\/view?usp=drive_link\">Tableau \u00e0 compl\u00e9ter<\/a><\/p>\n\n\n\n<p><a href=\"https:\/\/view.genially.com\/5ea98177aafd000da6072023\">Activit\u00e9 de fin d&rsquo;ann\u00e9e : Jumanji r\u00e9vision<\/a><\/p>\n\n\n\n<p><a href=\"https:\/\/view.genially.com\/60ab66603cbd790d34a191b4\">Activit\u00e9 de fin d&rsquo;ann\u00e9e : Escape game du laboratoire<\/a><\/p>\n\n\n\n<p><\/p>\n<\/div><\/div>\n","protected":false},"excerpt":{"rendered":"","protected":false},"author":1,"featured_media":0,"parent":0,"menu_order":0,"comment_status":"closed","ping_status":"closed","template":"","meta":{"footnotes":""},"class_list":["post-43","page","type-page","status-publish","hentry"],"_links":{"self":[{"href":"https:\/\/svtasset.fr\/index.php\/wp-json\/wp\/v2\/pages\/43","targetHints":{"allow":["GET"]}}],"collection":[{"href":"https:\/\/svtasset.fr\/index.php\/wp-json\/wp\/v2\/pages"}],"about":[{"href":"https:\/\/svtasset.fr\/index.php\/wp-json\/wp\/v2\/types\/page"}],"author":[{"embeddable":true,"href":"https:\/\/svtasset.fr\/index.php\/wp-json\/wp\/v2\/users\/1"}],"replies":[{"embeddable":true,"href":"https:\/\/svtasset.fr\/index.php\/wp-json\/wp\/v2\/comments?post=43"}],"version-history":[{"count":15,"href":"https:\/\/svtasset.fr\/index.php\/wp-json\/wp\/v2\/pages\/43\/revisions"}],"predecessor-version":[{"id":296,"href":"https:\/\/svtasset.fr\/index.php\/wp-json\/wp\/v2\/pages\/43\/revisions\/296"}],"wp:attachment":[{"href":"https:\/\/svtasset.fr\/index.php\/wp-json\/wp\/v2\/media?parent=43"}],"curies":[{"name":"wp","href":"https:\/\/api.w.org\/{rel}","templated":true}]}}