{"id":44,"date":"2025-02-16T16:10:52","date_gmt":"2025-02-16T15:10:52","guid":{"rendered":"http:\/\/svtasset.fr\/?page_id=44"},"modified":"2025-07-30T10:52:22","modified_gmt":"2025-07-30T08:52:22","slug":"cours-de-premiere-specialite","status":"publish","type":"page","link":"https:\/\/svtasset.fr\/index.php\/cours-de-premiere-specialite\/","title":{"rendered":"Cours de Premi\u00e8re Sp\u00e9cialit\u00e9"},"content":{"rendered":"\n<div class=\"wp-block-cover is-light\" style=\"min-height:50px;aspect-ratio:unset;\"><img loading=\"lazy\" decoding=\"async\" width=\"400\" height=\"400\" class=\"wp-block-cover__image-background wp-image-336 size-full\" alt=\"\" src=\"https:\/\/svtasset.fr\/wp-content\/uploads\/2025\/07\/vert-d-eau-au-chrome-n\u00b065-schjerning-plomb.jpg\" data-object-fit=\"cover\" srcset=\"https:\/\/svtasset.fr\/wp-content\/uploads\/2025\/07\/vert-d-eau-au-chrome-n\u00b065-schjerning-plomb.jpg 400w, https:\/\/svtasset.fr\/wp-content\/uploads\/2025\/07\/vert-d-eau-au-chrome-n\u00b065-schjerning-plomb-300x300.jpg 300w, https:\/\/svtasset.fr\/wp-content\/uploads\/2025\/07\/vert-d-eau-au-chrome-n\u00b065-schjerning-plomb-150x150.jpg 150w\" sizes=\"auto, (max-width: 400px) 100vw, 400px\" \/><span aria-hidden=\"true\" class=\"wp-block-cover__background has-background-dim\" style=\"background-color:#94ecd3\"><\/span><div class=\"wp-block-cover__inner-container has-global-padding is-layout-constrained wp-block-cover-is-layout-constrained\">\n<p class=\"has-text-align-center has-large-font-size\"><a href=\"https:\/\/svtasset.fr\/?page_id=250\" data-type=\"page\" data-id=\"250\"><strong>PARTIE I : TRANSMISSION,VARIATION ET EXPRESSION DU PATRIMOINE GENETIQUE <\/strong>(Partie 1)<\/a><\/p>\n<\/div><\/div>\n\n\n\n<div class=\"wp-block-cover is-light\" style=\"min-height:50px;aspect-ratio:unset;\"><img loading=\"lazy\" decoding=\"async\" width=\"400\" height=\"400\" class=\"wp-block-cover__image-background wp-image-336 size-full\" alt=\"\" src=\"https:\/\/svtasset.fr\/wp-content\/uploads\/2025\/07\/vert-d-eau-au-chrome-n\u00b065-schjerning-plomb.jpg\" data-object-fit=\"cover\" srcset=\"https:\/\/svtasset.fr\/wp-content\/uploads\/2025\/07\/vert-d-eau-au-chrome-n\u00b065-schjerning-plomb.jpg 400w, https:\/\/svtasset.fr\/wp-content\/uploads\/2025\/07\/vert-d-eau-au-chrome-n\u00b065-schjerning-plomb-300x300.jpg 300w, https:\/\/svtasset.fr\/wp-content\/uploads\/2025\/07\/vert-d-eau-au-chrome-n\u00b065-schjerning-plomb-150x150.jpg 150w\" sizes=\"auto, (max-width: 400px) 100vw, 400px\" \/><span aria-hidden=\"true\" class=\"wp-block-cover__background has-background-dim\" style=\"background-color:#94ecd3\"><\/span><div class=\"wp-block-cover__inner-container has-global-padding is-layout-constrained wp-block-cover-is-layout-constrained\">\n<p class=\"has-text-align-center has-large-font-size\"><strong><a href=\"https:\/\/svtasset.fr\/?page_id=252\" data-type=\"page\" data-id=\"252\">PARTIE II : LE FONCTIONNEMENT DU SYSTEME IMMUNITAIRE HUMAIN<\/a><\/strong><\/p>\n<\/div><\/div>\n\n\n\n<div class=\"wp-block-cover is-light\" style=\"min-height:50px;aspect-ratio:unset;\"><img loading=\"lazy\" decoding=\"async\" width=\"400\" height=\"400\" class=\"wp-block-cover__image-background wp-image-336 size-full\" alt=\"\" src=\"https:\/\/svtasset.fr\/wp-content\/uploads\/2025\/07\/vert-d-eau-au-chrome-n\u00b065-schjerning-plomb.jpg\" data-object-fit=\"cover\" srcset=\"https:\/\/svtasset.fr\/wp-content\/uploads\/2025\/07\/vert-d-eau-au-chrome-n\u00b065-schjerning-plomb.jpg 400w, https:\/\/svtasset.fr\/wp-content\/uploads\/2025\/07\/vert-d-eau-au-chrome-n\u00b065-schjerning-plomb-300x300.jpg 300w, https:\/\/svtasset.fr\/wp-content\/uploads\/2025\/07\/vert-d-eau-au-chrome-n\u00b065-schjerning-plomb-150x150.jpg 150w\" sizes=\"auto, (max-width: 400px) 100vw, 400px\" \/><span aria-hidden=\"true\" class=\"wp-block-cover__background has-background-dim\" style=\"background-color:#94ecd3\"><\/span><div class=\"wp-block-cover__inner-container has-global-padding is-layout-constrained wp-block-cover-is-layout-constrained\">\n<p class=\"has-text-align-center has-large-font-size\"><strong><a href=\"https:\/\/svtasset.fr\/?page_id=160\" data-type=\"page\" data-id=\"160\">PARTIE III : EXPRESSION DU PATRIMOINE GENETIQUE (Partie 2)<\/a><\/strong><\/p>\n<\/div><\/div>\n\n\n\n<div class=\"wp-block-cover is-light\" style=\"min-height:50px;aspect-ratio:unset;\"><img loading=\"lazy\" decoding=\"async\" width=\"400\" height=\"400\" class=\"wp-block-cover__image-background wp-image-336 size-full\" alt=\"\" src=\"https:\/\/svtasset.fr\/wp-content\/uploads\/2025\/07\/vert-d-eau-au-chrome-n\u00b065-schjerning-plomb.jpg\" data-object-fit=\"cover\" srcset=\"https:\/\/svtasset.fr\/wp-content\/uploads\/2025\/07\/vert-d-eau-au-chrome-n\u00b065-schjerning-plomb.jpg 400w, https:\/\/svtasset.fr\/wp-content\/uploads\/2025\/07\/vert-d-eau-au-chrome-n\u00b065-schjerning-plomb-300x300.jpg 300w, https:\/\/svtasset.fr\/wp-content\/uploads\/2025\/07\/vert-d-eau-au-chrome-n\u00b065-schjerning-plomb-150x150.jpg 150w\" sizes=\"auto, (max-width: 400px) 100vw, 400px\" \/><span aria-hidden=\"true\" class=\"wp-block-cover__background has-background-dim\" style=\"background-color:#94ecd3\"><\/span><div class=\"wp-block-cover__inner-container has-global-padding is-layout-constrained wp-block-cover-is-layout-constrained\">\n<p class=\"has-text-align-center has-large-font-size\"><strong><a href=\"https:\/\/svtasset.fr\/?page_id=164\" data-type=\"page\" data-id=\"164\">PARTIE IV : VARIATION GENETIQUE ET SANTE<\/a><\/strong><\/p>\n<\/div><\/div>\n\n\n\n<div class=\"wp-block-cover is-light\" style=\"min-height:50px;aspect-ratio:unset;\"><img loading=\"lazy\" decoding=\"async\" width=\"400\" height=\"400\" class=\"wp-block-cover__image-background wp-image-336 size-full\" alt=\"\" src=\"https:\/\/svtasset.fr\/wp-content\/uploads\/2025\/07\/vert-d-eau-au-chrome-n\u00b065-schjerning-plomb.jpg\" data-object-fit=\"cover\" srcset=\"https:\/\/svtasset.fr\/wp-content\/uploads\/2025\/07\/vert-d-eau-au-chrome-n\u00b065-schjerning-plomb.jpg 400w, https:\/\/svtasset.fr\/wp-content\/uploads\/2025\/07\/vert-d-eau-au-chrome-n\u00b065-schjerning-plomb-300x300.jpg 300w, https:\/\/svtasset.fr\/wp-content\/uploads\/2025\/07\/vert-d-eau-au-chrome-n\u00b065-schjerning-plomb-150x150.jpg 150w\" sizes=\"auto, (max-width: 400px) 100vw, 400px\" \/><span aria-hidden=\"true\" class=\"wp-block-cover__background has-background-dim\" style=\"background-color:#94ecd3\"><\/span><div class=\"wp-block-cover__inner-container has-global-padding is-layout-constrained wp-block-cover-is-layout-constrained\">\n<p class=\"has-text-align-center has-large-font-size\"><strong><a href=\"https:\/\/svtasset.fr\/?page_id=216\" data-type=\"page\" data-id=\"216\">PARTIE V : ECOSYSTEMES ET SERVICES ENVIRONNEMENTAUX<\/a><\/strong><\/p>\n<\/div><\/div>\n\n\n\n<div class=\"wp-block-cover is-light\" style=\"min-height:50px;aspect-ratio:unset;\"><img loading=\"lazy\" decoding=\"async\" width=\"400\" height=\"400\" class=\"wp-block-cover__image-background wp-image-336 size-full\" alt=\"\" src=\"https:\/\/svtasset.fr\/wp-content\/uploads\/2025\/07\/vert-d-eau-au-chrome-n\u00b065-schjerning-plomb.jpg\" data-object-fit=\"cover\" srcset=\"https:\/\/svtasset.fr\/wp-content\/uploads\/2025\/07\/vert-d-eau-au-chrome-n\u00b065-schjerning-plomb.jpg 400w, https:\/\/svtasset.fr\/wp-content\/uploads\/2025\/07\/vert-d-eau-au-chrome-n\u00b065-schjerning-plomb-300x300.jpg 300w, https:\/\/svtasset.fr\/wp-content\/uploads\/2025\/07\/vert-d-eau-au-chrome-n\u00b065-schjerning-plomb-150x150.jpg 150w\" sizes=\"auto, (max-width: 400px) 100vw, 400px\" \/><span aria-hidden=\"true\" class=\"wp-block-cover__background has-background-dim\" style=\"background-color:#94ecd3\"><\/span><div class=\"wp-block-cover__inner-container has-global-padding is-layout-constrained wp-block-cover-is-layout-constrained\">\n<p class=\"has-text-align-center has-large-font-size\"><a href=\"https:\/\/svtasset.fr\/?page_id=241\" data-type=\"page\" data-id=\"241\"><strong>PARTIE VI : STRUCTURE DU GLOBE ET DYNAMIQUE TERRESTRE<\/strong><\/a><\/p>\n<\/div><\/div>\n\n\n\n<p><\/p>\n","protected":false},"excerpt":{"rendered":"","protected":false},"author":1,"featured_media":0,"parent":0,"menu_order":0,"comment_status":"closed","ping_status":"closed","template":"","meta":{"footnotes":""},"class_list":["post-44","page","type-page","status-publish","hentry"],"_links":{"self":[{"href":"https:\/\/svtasset.fr\/index.php\/wp-json\/wp\/v2\/pages\/44","targetHints":{"allow":["GET"]}}],"collection":[{"href":"https:\/\/svtasset.fr\/index.php\/wp-json\/wp\/v2\/pages"}],"about":[{"href":"https:\/\/svtasset.fr\/index.php\/wp-json\/wp\/v2\/types\/page"}],"author":[{"embeddable":true,"href":"https:\/\/svtasset.fr\/index.php\/wp-json\/wp\/v2\/users\/1"}],"replies":[{"embeddable":true,"href":"https:\/\/svtasset.fr\/index.php\/wp-json\/wp\/v2\/comments?post=44"}],"version-history":[{"count":11,"href":"https:\/\/svtasset.fr\/index.php\/wp-json\/wp\/v2\/pages\/44\/revisions"}],"predecessor-version":[{"id":369,"href":"https:\/\/svtasset.fr\/index.php\/wp-json\/wp\/v2\/pages\/44\/revisions\/369"}],"wp:attachment":[{"href":"https:\/\/svtasset.fr\/index.php\/wp-json\/wp\/v2\/media?parent=44"}],"curies":[{"name":"wp","href":"https:\/\/api.w.org\/{rel}","templated":true}]}}