{"id":68,"date":"2025-02-16T16:56:24","date_gmt":"2025-02-16T15:56:24","guid":{"rendered":"http:\/\/svtasset.fr\/?page_id=68"},"modified":"2025-10-23T10:34:52","modified_gmt":"2025-10-23T08:34:52","slug":"les-climats-de-la-terre-comprendre-le-passe-pour-agir-aujourdhui-et-demain","status":"publish","type":"page","link":"https:\/\/svtasset.fr\/index.php\/les-climats-de-la-terre-comprendre-le-passe-pour-agir-aujourdhui-et-demain\/","title":{"rendered":"LES CLIMATS DE LA TERRE, COMPRENDRE LE PASSE POUR AGIR AUJOURD&rsquo;HUI ET DEMAIN"},"content":{"rendered":"\n<p><\/p>\n\n\n\n<div class=\"wp-block-cover is-light\"><span aria-hidden=\"true\" class=\"wp-block-cover__background has-background-dim\" style=\"background-color:#FFF\"><\/span><div class=\"wp-block-cover__inner-container has-global-padding is-layout-constrained wp-block-cover-is-layout-constrained\">\n<p class=\"has-text-align-center has-large-font-size\"><mark style=\"background-color:rgba(0, 0, 0, 0);color:#c90808\" class=\"has-inline-color\">Chapitre : Les climats pass\u00e9 de la Terre<\/mark><\/p>\n\n\n\n<figure class=\"wp-block-table\"><table class=\"has-fixed-layout\"><tbody><tr><td class=\"has-text-align-center\" data-align=\"center\" colspan=\"2\"><strong><a href=\"https:\/\/drive.google.com\/file\/d\/1Tn6ZtqNwKD29QKbReUy1SdPyf80LfzJc\/view?usp=drive_link\"><mark style=\"background-color:rgba(0, 0, 0, 0);color:#b30505\" class=\"has-inline-color\">1 &#8211; PLAN DE TRAVAIL N\u00b01 ET LISTE DES ARGUMENTS<\/mark><\/a><mark style=\"background-color:rgba(0, 0, 0, 0);color:#b30505\" class=\"has-inline-color\"> <\/mark><br><a href=\"https:\/\/drive.google.com\/file\/d\/1UTSvBowl00ZK7gC5e_deqOgSCMhRp_Mj\/view?usp=drive_link\"><mark style=\"background-color:rgba(0, 0, 0, 0);color:#994824\" class=\"has-inline-color\">2 &#8211; NOTIONS N\u00b01 DU THEME<\/mark><\/a><\/strong><\/td><\/tr><tr><td class=\"has-text-align-center\" data-align=\"center\"><strong><mark style=\"background-color:rgba(0, 0, 0, 0);color:#094c07\" class=\"has-inline-color\">3 &#8211; RESSOURCES DE DOCUMENTS DU THEME<\/mark><\/strong><\/td><td class=\"has-text-align-center\" data-align=\"center\"><strong><mark style=\"background-color:rgba(0, 0, 0, 0);color:#7a0be9\" class=\"has-inline-color\">4 &#8211; FICHES D&rsquo;ARGUMENTS A REMPLIR<\/mark><\/strong><\/td><\/tr><tr><td class=\"has-text-align-center\" data-align=\"center\" rowspan=\"3\"><a href=\"https:\/\/drive.google.com\/file\/d\/1h8RPm2YLQlS17oqh_OhRdMucY84w_d8N\/view?usp=sharing\"><mark style=\"background-color:rgba(0, 0, 0, 0);color:#094c07\" class=\"has-inline-color\"><strong>RESSOURCES A sur le climat actuel<\/strong><\/mark><\/a><br><mark style=\"background-color:rgba(0, 0, 0, 0);color:#094c07\" class=\"has-inline-color\"><strong><br><\/strong><\/mark><a href=\"https:\/\/drive.google.com\/file\/d\/1ruRM5asvrlZLAzeGabvD5k4WrUT0C4Uw\/view?usp=drive_link\"><mark style=\"background-color:rgba(0, 0, 0, 0);color:#094c07\" class=\"has-inline-color\"><strong> RESSOURCES B sur l&rsquo;\u00e9volution du climat au pl\u00e9istoc\u00e8ne <\/strong><br><\/mark><\/a><mark style=\"background-color:rgba(0, 0, 0, 0)\" class=\"has-inline-color has-foreground-color\"><br><\/mark><strong><a href=\"https:\/\/drive.google.com\/file\/d\/1pkrSQvQTXj4Z2foYvnVkqiovFcp9hGTQ\/view?usp=sharing\"><mark style=\"background-color:rgba(0, 0, 0, 0);color:#094c07\" class=\"has-inline-color\">RESSOURCES C sur les variations climatiques des 800 000 ans et les param\u00e8tres orbitaux<\/mark><\/a><mark style=\"background-color:rgba(0, 0, 0, 0)\" class=\"has-inline-color has-foreground-color\"><a href=\"https:\/\/drive.google.com\/file\/d\/1pkrSQvQTXj4Z2foYvnVkqiovFcp9hGTQ\/view?usp=sharing\"><br><\/a><br><\/mark><a href=\"https:\/\/drive.google.com\/file\/d\/1vquV8JGtQmGoVIVeltsTzgvX1w5l-_Az\/view?usp=drive_link\"><mark style=\"background-color:rgba(0, 0, 0, 0);color:#094c07\" class=\"has-inline-color\">RESSOURCES C2 sur la r\u00e9troaction entr\u00e9e et sortie glaciation<\/mark><mark style=\"background-color:rgba(0, 0, 0, 0)\" class=\"has-inline-color has-foreground-color\"><br><\/mark><\/a><mark style=\"background-color:rgba(0, 0, 0, 0);color:#094c07\" class=\"has-inline-color\"><br><\/mark><\/strong><a href=\"https:\/\/drive.google.com\/file\/d\/1l5qyQFkSoVpgSG23u2gSj4Ufhd7GmID2\/view?usp=sharing\"><mark style=\"background-color:rgba(0, 0, 0, 0);color:#094c07\" class=\"has-inline-color\"><strong>RESSOURCES D sur l&rsquo;\u00e9volution du climat au C\u00e9nozo\u00efque<\/strong><\/mark><br><\/a><\/td><td class=\"has-text-align-center\" data-align=\"center\"><a href=\"https:\/\/docs.google.com\/document\/d\/1RTluGNR5pNBDH-HJhDtMKcX7I_wRIZcU\/edit?usp=sharing&amp;ouid=114615461440811808075&amp;rtpof=true&amp;sd=true\"><strong><mark style=\"background-color:rgba(0, 0, 0, 0);color:#7a0be9\" class=\"has-inline-color\">Fiche d&rsquo;argument sur l&rsquo;\u00e9volution actuelle du climat et du climat au pl\u00e9istoc\u00e8ne<\/mark><\/strong><\/a><\/td><\/tr><tr><td class=\"has-text-align-center\" data-align=\"center\"><strong><a href=\"https:\/\/docs.google.com\/document\/d\/1TCXkkHJKvxFlZSy4u9dz0630gn6VWQcd\/edit?usp=sharing&amp;ouid=114615461440811808075&amp;rtpof=true&amp;sd=true\"><mark style=\"background-color:rgba(0, 0, 0, 0);color:#7a0be9\" class=\"has-inline-color\">Fiche d&rsquo;argument sur l&rsquo;\u00e9volution du climat les 800 000 derni\u00e8res ann\u00e9es<\/mark><\/a><\/strong><\/td><\/tr><tr><td class=\"has-text-align-center\" data-align=\"center\"><a href=\"https:\/\/docs.google.com\/document\/d\/1QICDDs8phqon1ob7iteaHLCR7q-i1Gyr\/edit?usp=sharing&amp;rtpof=true&amp;sd=true\"><mark style=\"background-color:rgba(0, 0, 0, 0);color:#7a0be9\" class=\"has-inline-color\"><strong>Fiche d&rsquo;argument sur l&rsquo;\u00e9volution du climat au C\u00e9nozo\u00efque <\/strong><\/mark><\/a><br><\/td><\/tr><\/tbody><\/table><\/figure>\n\n\n\n<p><\/p>\n\n\n\n<p><a href=\"https:\/\/drive.google.com\/drive\/folders\/1slfl0xYMG2UcSgiQTVVWaElFjIYpLqQx?usp=drive_link\">5a &#8211; TP diagrammes polliniques<\/a><\/p>\n\n\n\n<p><a href=\"https:\/\/drive.google.com\/drive\/folders\/1ug6CWtNu5JwooKcwpPGFbkWT95h-g87c?usp=sharing\">5b &#8211; TP Identification de grains de pollens et exigences climatiques<\/a><\/p>\n\n\n\n<p><a href=\"https:\/\/drive.google.com\/drive\/folders\/1LpXzDehQqwaUF9UQoL_SOmmv2uZtV1JY?usp=sharing\">5c &#8211; TP palynologie et changements climatiques<\/a><\/p>\n\n\n\n<p><a href=\"https:\/\/drive.google.com\/file\/d\/19YBGAFXzG_-eLdYYqrLIu0VWlU9UVaJt\/view?usp=sharing\">6a &#8211; TP indice stomatique<\/a><\/p>\n\n\n\n<p><a href=\"https:\/\/docs.google.com\/spreadsheets\/d\/1HCwDhPgkidqedlvIDVMwz8zwJiic7M_X\/edit?usp=drive_link&amp;ouid=114615461440811808075&amp;rtpof=true&amp;sd=true\">6b &#8211; Fichier Excel du TP indice stomatique<\/a><\/p>\n\n\n\n<figure class=\"wp-block-table\"><table class=\"has-fixed-layout\"><tbody><tr><td class=\"has-text-align-center\" data-align=\"center\" colspan=\"2\"><strong><a href=\"https:\/\/drive.google.com\/file\/d\/1lx1Fl2W6BSPZExbrOC1H8SEbGCA0INFU\/view?usp=sharing\"><mark style=\"background-color:rgba(0, 0, 0, 0);color:#b30505\" class=\"has-inline-color\">7 &#8211; PLAN DE TRAVAIL N\u00b02 ET LISTE DES ARGUMENTS<\/mark><\/a><mark style=\"background-color:rgba(0, 0, 0, 0);color:#b30505\" class=\"has-inline-color\"> <\/mark><br><a href=\"https:\/\/drive.google.com\/file\/d\/1B8UAP_l6COm2z-s1B1zZibvn_wIre2VM\/view?usp=sharing\"><mark style=\"background-color:rgba(0, 0, 0, 0);color:#994824\" class=\"has-inline-color\">8 &#8211; NOTIONS N\u00b02 DU THEME<\/mark><\/a><\/strong><\/td><\/tr><tr><td class=\"has-text-align-center\" data-align=\"center\"><strong><mark style=\"background-color:rgba(0, 0, 0, 0);color:#094c07\" class=\"has-inline-color\">9 &#8211; RESSOURCES DE DOCUMENTS DU THEME<\/mark><\/strong><\/td><td class=\"has-text-align-center\" data-align=\"center\"><strong><mark style=\"background-color:rgba(0, 0, 0, 0);color:#7a0be9\" class=\"has-inline-color\">10 &#8211; FICHES D&rsquo;ARGUMENTS A REMPLIR<\/mark><\/strong><\/td><\/tr><tr><td class=\"has-text-align-center\" data-align=\"center\" rowspan=\"3\"><a href=\"https:\/\/drive.google.com\/file\/d\/1MFXSY9nYd3ggnHfNmjKPxg3OV1CxBD52\/view?usp=sharing\"><mark style=\"background-color:rgba(0, 0, 0, 0);color:#094c07\" class=\"has-inline-color\"><strong>RESSOURCES E sur les variations climatiques au Cr\u00e9tac\u00e9 (M\u00e9sozo\u00efque)<\/strong><\/mark><br><\/a><mark style=\"background-color:rgba(0, 0, 0, 0);color:#094c07\" class=\"has-inline-color\"><strong><br><\/strong><\/mark><a href=\"https:\/\/drive.google.com\/file\/d\/1laJVlAo3jmnx0crAUHXDYk7yAsRaErZr\/view?usp=sharing\"><mark style=\"background-color:rgba(0, 0, 0, 0);color:#094c07\" class=\"has-inline-color\"><strong> RESSOURCES F sur les variations climatiques du Carbonif\u00e8re Permien<\/strong><br><\/mark><\/a><mark style=\"background-color:rgba(0, 0, 0, 0)\" class=\"has-inline-color has-foreground-color\"><br><\/mark><strong><a href=\"https:\/\/drive.google.com\/file\/d\/1b5lVpqXx3D8APBg17UCZdnHRQ1rNjKo8\/view?usp=drive_link\"><mark style=\"background-color:rgba(0, 0, 0, 0);color:#094c07\" class=\"has-inline-color\">RESSOURCES G sur les cons\u00e9quences du r\u00e9chauffement climatique<\/mark><\/a><\/strong><\/td><td class=\"has-text-align-center\" data-align=\"center\"><a href=\"https:\/\/docs.google.com\/document\/d\/1dvVMw_uo0iTk7v6mO5-LvzF-aj7Jh9Jt\/edit?usp=sharing&amp;ouid=114615461440811808075&amp;rtpof=true&amp;sd=true\"><mark style=\"background-color:rgba(0, 0, 0, 0);color:#7a0be9\" class=\"has-inline-color\"><strong>Fiche d&rsquo;argument sur les variations climatiques au Cr\u00e9tac\u00e9<\/strong><\/mark><\/a><\/td><\/tr><tr><td class=\"has-text-align-center\" data-align=\"center\"><strong><a href=\"https:\/\/docs.google.com\/document\/d\/1oT11DkCZvvtiqOVsn7T5Sk4XlgOgLJm2\/edit?usp=sharing&amp;ouid=114615461440811808075&amp;rtpof=true&amp;sd=true\"><mark style=\"background-color:rgba(0, 0, 0, 0);color:#7a0be9\" class=\"has-inline-color\">Fiche d&rsquo;argument sur les variations climatiques au Carbonif\u00e8re Permien<\/mark><\/a><\/strong><\/td><\/tr><tr><td class=\"has-text-align-center\" data-align=\"center\"><a href=\"https:\/\/docs.google.com\/document\/d\/1DkLD38A4_hpHvpOkPl-EvnOzbNkfS4zh\/edit?usp=sharing&amp;ouid=114615461440811808075&amp;rtpof=true&amp;sd=true\"><strong><mark style=\"background-color:rgba(0, 0, 0, 0);color:#7a0be9\" class=\"has-inline-color\">Fiche d&rsquo;argument sur les cons\u00e9quences du r\u00e9chauffement climatiques<br><\/mark><\/strong><\/a><\/td><\/tr><\/tbody><\/table><\/figure>\n\n\n\n<p><\/p>\n\n\n\n<p><a href=\"https:\/\/drive.google.com\/file\/d\/1MFXSY9nYd3ggnHfNmjKPxg3OV1CxBD52\/view?usp=sharing\">11 &#8211; DM Ressources E variation climatique au Cr\u00e9tac\u00e9 (M\u00e9sozo\u00efque)<\/a><\/p>\n\n\n\n<p><\/p>\n\n\n\n<p><strong><em><a href=\"https:\/\/drive.google.com\/drive\/folders\/19HIxS9vDPqm9YHiKQ3HtSPlcALgrYAwz?usp=drive_link\"><mark style=\"background-color:rgba(0, 0, 0, 0);color:#4e1275\" class=\"has-inline-color\">CORRECTION DES TP<\/mark><\/a><\/em><\/strong><\/p>\n\n\n\n<p><em><strong><a href=\"https:\/\/drive.google.com\/drive\/folders\/1A_btLPzX0-bmmzZ2PD1MmX4aeTpgQP1s?usp=drive_link\"><mark style=\"background-color:rgba(0, 0, 0, 0);color:#100cdd\" class=\"has-inline-color\">ACCES AU COURS (Chapitre 1)<\/mark><\/a><\/strong><\/em><\/p>\n\n\n\n<p><\/p>\n<\/div><\/div>\n\n\n\n<div class=\"wp-block-cover is-light\" style=\"min-height:281px;aspect-ratio:unset;\"><span aria-hidden=\"true\" class=\"wp-block-cover__background has-background-dim\" style=\"background-color:#FFF\"><\/span><div class=\"wp-block-cover__inner-container has-global-padding is-layout-constrained wp-block-cover-is-layout-constrained\">\n<p class=\"has-text-align-center has-large-font-size\"><mark style=\"background-color:rgba(0, 0, 0, 0);color:#c90808\" class=\"has-inline-color\">Chapitre : Comprendre les cons\u00e9quences du r\u00e9chauffement climatique<\/mark><\/p>\n\n\n\n<p><a href=\"https:\/\/drive.google.com\/file\/d\/1b5lVpqXx3D8APBg17UCZdnHRQ1rNjKo8\/view?usp=drive_link\">12 &#8211; Ressources G sur Comprendre les cons\u00e9quences du r\u00e9chauffement climatiques<\/a><\/p>\n\n\n\n<p><em><strong><a href=\"https:\/\/drive.google.com\/drive\/folders\/1OmBOwZPCGNVmMG6Oh1ilYJo0VImufJ57?usp=sharing\"><mark style=\"background-color:rgba(0, 0, 0, 0);color:#100cdd\" class=\"has-inline-color\">ACCES AUX COURS (Chapitre 2 et 3)<\/mark><\/a><\/strong><\/em><\/p>\n\n\n\n<p><\/p>\n<\/div><\/div>\n","protected":false},"excerpt":{"rendered":"","protected":false},"author":1,"featured_media":0,"parent":0,"menu_order":0,"comment_status":"closed","ping_status":"closed","template":"","meta":{"footnotes":""},"class_list":["post-68","page","type-page","status-publish","hentry"],"_links":{"self":[{"href":"https:\/\/svtasset.fr\/index.php\/wp-json\/wp\/v2\/pages\/68","targetHints":{"allow":["GET"]}}],"collection":[{"href":"https:\/\/svtasset.fr\/index.php\/wp-json\/wp\/v2\/pages"}],"about":[{"href":"https:\/\/svtasset.fr\/index.php\/wp-json\/wp\/v2\/types\/page"}],"author":[{"embeddable":true,"href":"https:\/\/svtasset.fr\/index.php\/wp-json\/wp\/v2\/users\/1"}],"replies":[{"embeddable":true,"href":"https:\/\/svtasset.fr\/index.php\/wp-json\/wp\/v2\/comments?post=68"}],"version-history":[{"count":47,"href":"https:\/\/svtasset.fr\/index.php\/wp-json\/wp\/v2\/pages\/68\/revisions"}],"predecessor-version":[{"id":391,"href":"https:\/\/svtasset.fr\/index.php\/wp-json\/wp\/v2\/pages\/68\/revisions\/391"}],"wp:attachment":[{"href":"https:\/\/svtasset.fr\/index.php\/wp-json\/wp\/v2\/media?parent=68"}],"curies":[{"name":"wp","href":"https:\/\/api.w.org\/{rel}","templated":true}]}}